{"id":93,"date":"2022-10-03T08:36:54","date_gmt":"2022-10-03T06:36:54","guid":{"rendered":"http:\/\/bip.muzeum.ostroleka.pl\/?page_id=93"},"modified":"2022-10-03T08:36:54","modified_gmt":"2022-10-03T06:36:54","slug":"redakcja-biuletynu","status":"publish","type":"page","link":"https:\/\/bip.muzeum.ostroleka.pl\/?page_id=93","title":{"rendered":"Redakcja biuletynu"},"content":{"rendered":"\n<h4 class=\"wp-block-heading\" style=\"font-style:normal;font-weight:400\">W celu powszechnego dost\u0119pu do informacji publicznej utworzony zosta\u0142 urz\u0119dowy publikator teleinformatyczny \u2013 BIP.<\/h4>\n\n\n\n<h4 class=\"wp-block-heading\" style=\"font-style:normal;font-weight:400\">BIP to ujednolicony system udost\u0119pniania informacji publicznej w Internecie.<\/h4>\n\n\n\n<h4 class=\"wp-block-heading\" style=\"font-style:normal;font-weight:400\">Informacje publiczne zawarte w BIP s\u0105 udost\u0119pniane odwiedzaj\u0105cym stron\u0119 Muzeum Kultury Kurpiowskiej w Ostro\u0142\u0119ce przez ca\u0142\u0105 dob\u0119 bez przerwy.<\/h4>\n\n\n\n<h4 class=\"wp-block-heading\" style=\"font-style:normal;font-weight:400\">&nbsp;&nbsp;<br>Przegl\u0105danie informacji<\/h4>\n\n\n\n<h4 class=\"wp-block-heading\" style=\"font-style:normal;font-weight:400\">Po lewej stronie witryny BIP znajduje si\u0119 menu przedmiotowe, czyli wykaz grup tematycznych informacji udost\u0119pnianych w BIP. Dost\u0119p do poszczeg\u00f3lnych informacji odbywa si\u0119 poprzez klikni\u0119cie w dan\u0105 pozycj\u0119 menu.<\/h4>\n\n\n\n<h4 class=\"wp-block-heading\" style=\"font-style:normal;font-weight:400\"><br>Wyszukiwanie informacji<\/h4>\n\n\n\n<h4 class=\"wp-block-heading\" style=\"font-style:normal;font-weight:400\">Po lewej stronie witryny BIP&nbsp;pod (nad) menu przedmiotowym dost\u0119pna jest wyszukiwarka. Po wprowadzeniu s\u0142owa kluczowego w pole&nbsp;&#8222;szukaj&#8230;&#8221; mo\u017cliwe jest szybkie odnalezienie wybranych tre\u015bci.<\/h4>\n","protected":false},"excerpt":{"rendered":"<p>W celu powszechnego dost\u0119pu do informacji publicznej utworzony zosta\u0142 urz\u0119dowy publikator teleinformatyczny \u2013 BIP. BIP to ujednolicony system udost\u0119pniania informacji publicznej w Internecie. Informacje publiczne zawarte w BIP s\u0105 udost\u0119pniane&hellip; <a class=\"continue\" href=\"https:\/\/bip.muzeum.ostroleka.pl\/?page_id=93\">Continue Reading<span> Redakcja biuletynu<\/span><\/a><\/p>\n","protected":false},"author":1,"featured_media":0,"parent":0,"menu_order":0,"comment_status":"closed","ping_status":"closed","template":"","meta":{"footnotes":""},"class_list":["post-93","page","type-page","status-publish","hentry"],"_links":{"self":[{"href":"https:\/\/bip.muzeum.ostroleka.pl\/index.php?rest_route=\/wp\/v2\/pages\/93","targetHints":{"allow":["GET"]}}],"collection":[{"href":"https:\/\/bip.muzeum.ostroleka.pl\/index.php?rest_route=\/wp\/v2\/pages"}],"about":[{"href":"https:\/\/bip.muzeum.ostroleka.pl\/index.php?rest_route=\/wp\/v2\/types\/page"}],"author":[{"embeddable":true,"href":"https:\/\/bip.muzeum.ostroleka.pl\/index.php?rest_route=\/wp\/v2\/users\/1"}],"replies":[{"embeddable":true,"href":"https:\/\/bip.muzeum.ostroleka.pl\/index.php?rest_route=%2Fwp%2Fv2%2Fcomments&post=93"}],"version-history":[{"count":1,"href":"https:\/\/bip.muzeum.ostroleka.pl\/index.php?rest_route=\/wp\/v2\/pages\/93\/revisions"}],"predecessor-version":[{"id":94,"href":"https:\/\/bip.muzeum.ostroleka.pl\/index.php?rest_route=\/wp\/v2\/pages\/93\/revisions\/94"}],"wp:attachment":[{"href":"https:\/\/bip.muzeum.ostroleka.pl\/index.php?rest_route=%2Fwp%2Fv2%2Fmedia&parent=93"}],"curies":[{"name":"wp","href":"https:\/\/api.w.org\/{rel}","templated":true}]}}