{"id":89,"date":"2022-10-03T08:35:40","date_gmt":"2022-10-03T06:35:40","guid":{"rendered":"http:\/\/bip.muzeum.ostroleka.pl\/?page_id=89"},"modified":"2023-12-20T07:47:54","modified_gmt":"2023-12-20T06:47:54","slug":"informacje-nieudostepnione-w-bip","status":"publish","type":"page","link":"https:\/\/bip.muzeum.ostroleka.pl\/?page_id=89","title":{"rendered":"Informacje nieudost\u0119pnione w BIP"},"content":{"rendered":"\n<h4 class=\"wp-block-heading\" style=\"font-size:16px;font-style:normal;font-weight:400\">Zgodnie z art. 10 Ustawy o dost\u0119pie do informacji publicznej (Dz. U.&nbsp;z 2001 r. Nr 112, poz. 1198), informacja publiczna, kt\u00f3ra nie zosta\u0142a zamieszczona w Biuletynie Informacji Publicznej jest udost\u0119pniana na wniosek zainteresowanego, z\u0142o\u017cony w sekretariacie Muzeum Kultury Kurpiowskiej, 07-410 Ostro\u0142\u0119ka, Pl. Gen. J. Bema 8.<\/h4>\n\n\n\n<h4 class=\"wp-block-heading\" style=\"font-size:16px;font-style:normal;font-weight:400\">Udost\u0119pnianie informacji publicznej na wniosek nast\u0119puje bez zb\u0119dnej zw\u0142oki, nie p\u00f3\u017aniej jednak ni\u017c w terminie 14 dni od dnia z\u0142o\u017cenia wniosku.<\/h4>\n\n\n\n<h4 class=\"wp-block-heading\" style=\"font-size:16px;font-style:normal;font-weight:400\">Je\u017celi informacja publiczna nie mo\u017ce by\u0107 udost\u0119pniona w tym terminie, Muzeum powiadamia o powodach op\u00f3\u017anienia oraz o terminie w jakim udost\u0119pni informacj\u0119, nie d\u0142u\u017cszym jednak ni\u017c 2 miesi\u0105ce od dnia z\u0142o\u017cenia wniosku.<\/h4>\n\n\n\n<h4 class=\"wp-block-heading\" style=\"font-size:16px;font-style:normal;font-weight:400\">Je\u017celi w wyniku udost\u0119pnienia informacji publicznej na wniosek, Muzeum ma ponie\u015b\u0107 dodatkowe koszty zwi\u0105zane ze wskazanym we wniosku sposobem udost\u0119pnienia lub konieczno\u015bci\u0105 przekszta\u0142cenia informacji w form\u0119 wskazan\u0105 we wniosku, Muzeum mo\u017ce pobra\u0107 od wnioskodawcy op\u0142at\u0119 w wysoko\u015bci odpowiadaj\u0105cej tym kosztom.<\/h4>\n\n\n\n<h4 class=\"wp-block-heading\" style=\"font-size:16px;font-style:normal;font-weight:400\">Muzeum, w terminie 14 dni od dnia z\u0142o\u017cenia wniosku, powiadomi wnioskodawc\u0119 o wysoko\u015bci op\u0142aty. Udost\u0119pnienie informacji zgodnie z wnioskiem nast\u0119puje po up\u0142ywie 14 dni od dnia powiadomienia wnioskodawcy, chyba \u017ce wnioskodawca dokona w tym terminie zmiany wniosku w zakresie sposobu lub formy udost\u0119pnienia informacji albo wycofa wniosek.&nbsp;<\/h4>\n\n\n\n<h4 class=\"wp-block-heading\" style=\"font-size:16px;font-style:normal;font-weight:400\">Informacja publiczna, kt\u00f3ra mo\u017ce by\u0107 niezw\u0142ocznie udost\u0119pniona, jest udost\u0119pniana w formie ustnej lub pisemnej bez pisemnego wniosku.<\/h4>\n\n\n\n<h4 class=\"wp-block-heading\" style=\"font-size:16px\"><br>Wy\u0142\u0105czeniu jawno\u015bci podlegaj\u0105 informacje:<\/h4>\n\n\n\n<h4 class=\"wp-block-heading\">stanowi\u0105ce ochron\u0119 \u017cycia prywatnego i rodzinnego oraz innych d\u00f3br osobistych:<\/h4>\n\n\n\n<ul class=\"wp-block-list\">\n<li>art. 45 ust. 2, 47, 49 i 51 Konstytucji RP;<\/li>\n\n\n\n<li>art. 23 Kodeksu cywilnego;<\/li>\n\n\n\n<li>art. 27 d&nbsp;Ustawy z 5 czerwca 1998 r. o samorz\u0105dzie wojew\u00f3dztwa (Dz. U. z &nbsp;2001 r., Nr 142, poz. 1590 z p\u00f3\u017an. zm.) dane dotycz\u0105ce adresu zamieszkania oraz miejsca po\u0142o\u017cenia nieruchomo\u015bci os\u00f3b sk\u0142adaj\u0105cych o\u015bwiadczenie maj\u0105tkowe.<\/li>\n<\/ul>\n\n\n\n<h4 class=\"wp-block-heading\">stanowi\u0105ce dane osobowe:<\/h4>\n\n\n\n<ul class=\"wp-block-list\">\n<li>art. 27 i 30 Ustawy z dnia 29 sierpnia 1997 r. o ochronie danych osobowych (Dz. U. Nr 133, poz. 883 z p\u00f3\u017an. zm.)<\/li>\n<\/ul>\n\n\n\n<h3 class=\"wp-block-heading\">Za\u0142\u0105czniki<\/h3>\n\n\n\n<div class=\"wp-block-file\"><a id=\"wp-block-file--media-81af696b-4fc4-4ccf-9baf-a09280fae2a8\" href=\"https:\/\/bip.muzeum.ostroleka.pl\/wp-content\/uploads\/2023\/12\/Wzor_wniosku_o_udzielenie_informacji_publicznej_MKK.pdf\">Wzor_wniosku_o_udzielenie_informacji_publicznej_MKK<\/a><a href=\"https:\/\/bip.muzeum.ostroleka.pl\/wp-content\/uploads\/2023\/12\/Wzor_wniosku_o_udzielenie_informacji_publicznej_MKK.pdf\" class=\"wp-block-file__button wp-element-button\" download aria-describedby=\"wp-block-file--media-81af696b-4fc4-4ccf-9baf-a09280fae2a8\">Pobierz<\/a><\/div>\n","protected":false},"excerpt":{"rendered":"<p>Zgodnie z art. 10 Ustawy o dost\u0119pie do informacji publicznej (Dz. U.&nbsp;z 2001 r. Nr 112, poz. 1198), informacja publiczna, kt\u00f3ra nie zosta\u0142a zamieszczona w Biuletynie Informacji Publicznej jest udost\u0119pniana&hellip; <a class=\"continue\" href=\"https:\/\/bip.muzeum.ostroleka.pl\/?page_id=89\">Continue Reading<span> Informacje nieudost\u0119pnione w BIP<\/span><\/a><\/p>\n","protected":false},"author":1,"featured_media":0,"parent":0,"menu_order":0,"comment_status":"closed","ping_status":"closed","template":"","meta":{"footnotes":""},"class_list":["post-89","page","type-page","status-publish","hentry"],"_links":{"self":[{"href":"https:\/\/bip.muzeum.ostroleka.pl\/index.php?rest_route=\/wp\/v2\/pages\/89","targetHints":{"allow":["GET"]}}],"collection":[{"href":"https:\/\/bip.muzeum.ostroleka.pl\/index.php?rest_route=\/wp\/v2\/pages"}],"about":[{"href":"https:\/\/bip.muzeum.ostroleka.pl\/index.php?rest_route=\/wp\/v2\/types\/page"}],"author":[{"embeddable":true,"href":"https:\/\/bip.muzeum.ostroleka.pl\/index.php?rest_route=\/wp\/v2\/users\/1"}],"replies":[{"embeddable":true,"href":"https:\/\/bip.muzeum.ostroleka.pl\/index.php?rest_route=%2Fwp%2Fv2%2Fcomments&post=89"}],"version-history":[{"count":3,"href":"https:\/\/bip.muzeum.ostroleka.pl\/index.php?rest_route=\/wp\/v2\/pages\/89\/revisions"}],"predecessor-version":[{"id":166,"href":"https:\/\/bip.muzeum.ostroleka.pl\/index.php?rest_route=\/wp\/v2\/pages\/89\/revisions\/166"}],"wp:attachment":[{"href":"https:\/\/bip.muzeum.ostroleka.pl\/index.php?rest_route=%2Fwp%2Fv2%2Fmedia&parent=89"}],"curies":[{"name":"wp","href":"https:\/\/api.w.org\/{rel}","templated":true}]}}