{"id":81,"date":"2022-10-03T08:32:31","date_gmt":"2022-10-03T06:32:31","guid":{"rendered":"http:\/\/bip.muzeum.ostroleka.pl\/?page_id=81"},"modified":"2024-11-28T12:58:40","modified_gmt":"2024-11-28T11:58:40","slug":"regulamin-organizacyjny","status":"publish","type":"page","link":"https:\/\/bip.muzeum.ostroleka.pl\/?page_id=81","title":{"rendered":"Regulamin organizacyjny"},"content":{"rendered":"\n<div class=\"wp-block-file\"><a id=\"wp-block-file--media-c5d3a38e-de5d-48ec-a4b1-ba1f836c7a45\" href=\"https:\/\/bip.muzeum.ostroleka.pl\/wp-content\/uploads\/2024\/11\/Zarzadzenie_Nr_21_2014.pdf\">Zarzadzenie_Nr_21_2014<\/a><a href=\"https:\/\/bip.muzeum.ostroleka.pl\/wp-content\/uploads\/2024\/11\/Zarzadzenie_Nr_21_2014.pdf\" class=\"wp-block-file__button wp-element-button\" download aria-describedby=\"wp-block-file--media-c5d3a38e-de5d-48ec-a4b1-ba1f836c7a45\">Pobierz<\/a><\/div>\n\n\n\n<div class=\"wp-block-file\"><a id=\"wp-block-file--media-cd56a730-9263-4cfb-85d4-5cbea977d587\" href=\"https:\/\/bip.muzeum.ostroleka.pl\/wp-content\/uploads\/2024\/11\/Zalacznik-do-uchwaly-Nr-1228_374_14_.pdf\">Za\u0142\u0105cznik do uchwa\u0142y Nr 1228_374_14_<\/a><a href=\"https:\/\/bip.muzeum.ostroleka.pl\/wp-content\/uploads\/2024\/11\/Zalacznik-do-uchwaly-Nr-1228_374_14_.pdf\" class=\"wp-block-file__button wp-element-button\" download aria-describedby=\"wp-block-file--media-cd56a730-9263-4cfb-85d4-5cbea977d587\">Pobierz<\/a><\/div>\n\n\n\n<p><\/p>\n","protected":false},"excerpt":{"rendered":"","protected":false},"author":1,"featured_media":0,"parent":0,"menu_order":0,"comment_status":"closed","ping_status":"closed","template":"","meta":{"footnotes":""},"class_list":["post-81","page","type-page","status-publish","hentry"],"_links":{"self":[{"href":"https:\/\/bip.muzeum.ostroleka.pl\/index.php?rest_route=\/wp\/v2\/pages\/81","targetHints":{"allow":["GET"]}}],"collection":[{"href":"https:\/\/bip.muzeum.ostroleka.pl\/index.php?rest_route=\/wp\/v2\/pages"}],"about":[{"href":"https:\/\/bip.muzeum.ostroleka.pl\/index.php?rest_route=\/wp\/v2\/types\/page"}],"author":[{"embeddable":true,"href":"https:\/\/bip.muzeum.ostroleka.pl\/index.php?rest_route=\/wp\/v2\/users\/1"}],"replies":[{"embeddable":true,"href":"https:\/\/bip.muzeum.ostroleka.pl\/index.php?rest_route=%2Fwp%2Fv2%2Fcomments&post=81"}],"version-history":[{"count":3,"href":"https:\/\/bip.muzeum.ostroleka.pl\/index.php?rest_route=\/wp\/v2\/pages\/81\/revisions"}],"predecessor-version":[{"id":259,"href":"https:\/\/bip.muzeum.ostroleka.pl\/index.php?rest_route=\/wp\/v2\/pages\/81\/revisions\/259"}],"wp:attachment":[{"href":"https:\/\/bip.muzeum.ostroleka.pl\/index.php?rest_route=%2Fwp%2Fv2%2Fmedia&parent=81"}],"curies":[{"name":"wp","href":"https:\/\/api.w.org\/{rel}","templated":true}]}}