{"id":79,"date":"2022-10-03T08:31:31","date_gmt":"2022-10-03T06:31:31","guid":{"rendered":"http:\/\/bip.muzeum.ostroleka.pl\/?page_id=79"},"modified":"2022-10-03T08:31:31","modified_gmt":"2022-10-03T06:31:31","slug":"komorki-organizacyjne","status":"publish","type":"page","link":"https:\/\/bip.muzeum.ostroleka.pl\/?page_id=79","title":{"rendered":"Kom\u00f3rki organizacyjne"},"content":{"rendered":"\n<p>KOM\u00d3RKI ORGANIZACYJNE MUZEUM KULTURY KURPIOWSKIEJ W OSTRO\u0141\u0118CE<\/p>\n\n\n\n<p>&nbsp;1. DZIA\u0141Y:<\/p>\n\n\n\n<ul class=\"wp-block-list\"><li>Dzia\u0142 Etnograficzny;&nbsp;<\/li><li>Dzia\u0142 Historyczno &#8211; Artystyczny;&nbsp;<\/li><li>Dzia\u0142 Edukacji i Promocji;&nbsp;<\/li><li>Dzia\u0142 Administracyjny;<\/li><li>Dzia\u0142 Finansowo \u2013 Ksi\u0119gowy.&nbsp;<br><br><\/li><\/ul>\n\n\n\n<p><strong>2.&nbsp;ODDZIA\u0141:<\/strong><\/p>\n\n\n\n<ul class=\"wp-block-list\"><li>Zagroda Kurpiowska w Kadzidle &#8211; Oddzia\u0142 Muzeum Kultury Kurpiowskiej w Ostro\u0142\u0119ce.<\/li><\/ul>\n\n\n\n<p><em>Oddzia\u0142 posiada status dzia\u0142u Muzeum.<\/em><\/p>\n","protected":false},"excerpt":{"rendered":"<p>KOM\u00d3RKI ORGANIZACYJNE MUZEUM KULTURY KURPIOWSKIEJ W OSTRO\u0141\u0118CE &nbsp;1. DZIA\u0141Y: Dzia\u0142 Etnograficzny;&nbsp; Dzia\u0142 Historyczno &#8211; Artystyczny;&nbsp; Dzia\u0142 Edukacji i Promocji;&nbsp; Dzia\u0142 Administracyjny; Dzia\u0142 Finansowo \u2013 Ksi\u0119gowy.&nbsp; 2.&nbsp;ODDZIA\u0141: Zagroda Kurpiowska w Kadzidle&hellip; <a class=\"continue\" href=\"https:\/\/bip.muzeum.ostroleka.pl\/?page_id=79\">Continue Reading<span> Kom\u00f3rki organizacyjne<\/span><\/a><\/p>\n","protected":false},"author":1,"featured_media":0,"parent":0,"menu_order":0,"comment_status":"closed","ping_status":"closed","template":"","meta":{"footnotes":""},"class_list":["post-79","page","type-page","status-publish","hentry"],"_links":{"self":[{"href":"https:\/\/bip.muzeum.ostroleka.pl\/index.php?rest_route=\/wp\/v2\/pages\/79","targetHints":{"allow":["GET"]}}],"collection":[{"href":"https:\/\/bip.muzeum.ostroleka.pl\/index.php?rest_route=\/wp\/v2\/pages"}],"about":[{"href":"https:\/\/bip.muzeum.ostroleka.pl\/index.php?rest_route=\/wp\/v2\/types\/page"}],"author":[{"embeddable":true,"href":"https:\/\/bip.muzeum.ostroleka.pl\/index.php?rest_route=\/wp\/v2\/users\/1"}],"replies":[{"embeddable":true,"href":"https:\/\/bip.muzeum.ostroleka.pl\/index.php?rest_route=%2Fwp%2Fv2%2Fcomments&post=79"}],"version-history":[{"count":1,"href":"https:\/\/bip.muzeum.ostroleka.pl\/index.php?rest_route=\/wp\/v2\/pages\/79\/revisions"}],"predecessor-version":[{"id":80,"href":"https:\/\/bip.muzeum.ostroleka.pl\/index.php?rest_route=\/wp\/v2\/pages\/79\/revisions\/80"}],"wp:attachment":[{"href":"https:\/\/bip.muzeum.ostroleka.pl\/index.php?rest_route=%2Fwp%2Fv2%2Fmedia&parent=79"}],"curies":[{"name":"wp","href":"https:\/\/api.w.org\/{rel}","templated":true}]}}