{"id":71,"date":"2022-10-03T08:29:31","date_gmt":"2022-10-03T06:29:31","guid":{"rendered":"http:\/\/bip.muzeum.ostroleka.pl\/?page_id=71"},"modified":"2022-10-03T08:29:31","modified_gmt":"2022-10-03T06:29:31","slug":"rejestry-ewidencje-archiwa","status":"publish","type":"page","link":"https:\/\/bip.muzeum.ostroleka.pl\/?page_id=71","title":{"rendered":"Rejestry, ewidencje, archiwa"},"content":{"rendered":"\n<h4 class=\"wp-block-heading\">Rejestry, ewidencje, archiwa i zasady ich udost\u0119pniania:<\/h4>\n\n\n\n<ol class=\"wp-block-list\"><li>Ksi\u0119gi inwentarzowe muzeali\u00f3w<\/li><li>Katalogi: karty ewidencyjne muzeali\u00f3w i karty naukowe<\/li><li>Ksi\u0119gi inwentarzowe zbior\u00f3w bibliotecznych<\/li><li>Ksi\u0119gi inwentarzowe przedmiot\u00f3w nietrwa\u0142ych w u\u017cytkowaniu<\/li><li>Ksi\u0119gi inwentarzowe \u015brodk\u00f3w trwa\u0142ych<\/li><li>Rejestr zarz\u0105dze\u0144 wewn\u0119trznych<\/li><li>Ksi\u0105\u017cka kancelaryjna dla rejestracji pism wychodz\u0105cych i przychodz\u0105cych<\/li><li>Archiwum zak\u0142adowe<\/li><\/ol>\n\n\n\n<h4 class=\"wp-block-heading\">Zasady udost\u0119pniania:<\/h4>\n\n\n\n<ol class=\"wp-block-list\"><li>Dane zawarte w ksi\u0119gach inwentarzowych muzeali\u00f3w s\u0105 udost\u0119pniane do cel\u00f3w badawczych i naukowych, na pisemny wniosek z uzasadnieniem, kierowany do Dyrektora Muzeum oraz w\u0142a\u015bciwym organom powo\u0142anym do nadzoru muze\u00f3w.<\/li><li>Udost\u0119pniane dane s\u0105 do wgl\u0105du w siedzibie Muzeum.<\/li><li>Udost\u0119pniane s\u0105 dane za wyj\u0105tkiem informacji niejawnych, informacji maj\u0105cych wp\u0142yw na bezpiecze\u0144stwo zbior\u00f3w lub chronionych prawem autorskim oraz ustaw\u0105 o ochronie danych osobowych.<\/li><\/ol>\n","protected":false},"excerpt":{"rendered":"<p>Rejestry, ewidencje, archiwa i zasady ich udost\u0119pniania: Ksi\u0119gi inwentarzowe muzeali\u00f3w Katalogi: karty ewidencyjne muzeali\u00f3w i karty naukowe Ksi\u0119gi inwentarzowe zbior\u00f3w bibliotecznych Ksi\u0119gi inwentarzowe przedmiot\u00f3w nietrwa\u0142ych w u\u017cytkowaniu Ksi\u0119gi inwentarzowe \u015brodk\u00f3w&hellip; <a class=\"continue\" href=\"https:\/\/bip.muzeum.ostroleka.pl\/?page_id=71\">Continue Reading<span> Rejestry, ewidencje, archiwa<\/span><\/a><\/p>\n","protected":false},"author":1,"featured_media":0,"parent":0,"menu_order":0,"comment_status":"closed","ping_status":"closed","template":"","meta":{"footnotes":""},"class_list":["post-71","page","type-page","status-publish","hentry"],"yoast_head":"<!-- This site is optimized with the Yoast SEO plugin v27.4 - https:\/\/yoast.com\/product\/yoast-seo-wordpress\/ -->\n<title>Rejestry, ewidencje, archiwa - BIP MKK<\/title>\n<meta name=\"robots\" content=\"index, follow, max-snippet:-1, max-image-preview:large, max-video-preview:-1\" \/>\n<link rel=\"canonical\" href=\"https:\/\/bip.muzeum.ostroleka.pl\/?page_id=71\" \/>\n<meta property=\"og:locale\" content=\"pl_PL\" \/>\n<meta property=\"og:type\" content=\"article\" \/>\n<meta property=\"og:title\" content=\"Rejestry, ewidencje, archiwa - BIP MKK\" \/>\n<meta property=\"og:description\" content=\"Rejestry, ewidencje, archiwa i zasady ich udost\u0119pniania: Ksi\u0119gi inwentarzowe muzeali\u00f3w Katalogi: karty ewidencyjne muzeali\u00f3w i karty naukowe Ksi\u0119gi inwentarzowe zbior\u00f3w bibliotecznych Ksi\u0119gi inwentarzowe przedmiot\u00f3w nietrwa\u0142ych w u\u017cytkowaniu Ksi\u0119gi inwentarzowe \u015brodk\u00f3w&hellip; Continue Reading Rejestry, ewidencje, archiwa\" \/>\n<meta property=\"og:url\" content=\"https:\/\/bip.muzeum.ostroleka.pl\/?page_id=71\" \/>\n<meta property=\"og:site_name\" content=\"BIP MKK\" \/>\n<meta name=\"twitter:card\" content=\"summary_large_image\" \/>\n<meta name=\"twitter:label1\" content=\"Szacowany czas czytania\" \/>\n\t<meta name=\"twitter:data1\" content=\"1 minuta\" \/>\n<script type=\"application\/ld+json\" class=\"yoast-schema-graph\">{\"@context\":\"https:\\\/\\\/schema.org\",\"@graph\":[{\"@type\":\"WebPage\",\"@id\":\"https:\\\/\\\/bip.muzeum.ostroleka.pl\\\/?page_id=71\",\"url\":\"https:\\\/\\\/bip.muzeum.ostroleka.pl\\\/?page_id=71\",\"name\":\"Rejestry, ewidencje, archiwa - BIP MKK\",\"isPartOf\":{\"@id\":\"https:\\\/\\\/bip.muzeum.ostroleka.pl\\\/#website\"},\"datePublished\":\"2022-10-03T06:29:31+00:00\",\"breadcrumb\":{\"@id\":\"https:\\\/\\\/bip.muzeum.ostroleka.pl\\\/?page_id=71#breadcrumb\"},\"inLanguage\":\"pl-PL\",\"potentialAction\":[{\"@type\":\"ReadAction\",\"target\":[\"https:\\\/\\\/bip.muzeum.ostroleka.pl\\\/?page_id=71\"]}]},{\"@type\":\"BreadcrumbList\",\"@id\":\"https:\\\/\\\/bip.muzeum.ostroleka.pl\\\/?page_id=71#breadcrumb\",\"itemListElement\":[{\"@type\":\"ListItem\",\"position\":1,\"name\":\"Strona g\u0142\u00f3wna\",\"item\":\"https:\\\/\\\/bip.muzeum.ostroleka.pl\\\/\"},{\"@type\":\"ListItem\",\"position\":2,\"name\":\"Rejestry, ewidencje, archiwa\"}]},{\"@type\":\"WebSite\",\"@id\":\"https:\\\/\\\/bip.muzeum.ostroleka.pl\\\/#website\",\"url\":\"https:\\\/\\\/bip.muzeum.ostroleka.pl\\\/\",\"name\":\"BIP MKK\",\"description\":\"BIP Muzeum Kultury Kurpiowskiej\",\"publisher\":{\"@id\":\"https:\\\/\\\/bip.muzeum.ostroleka.pl\\\/#organization\"},\"potentialAction\":[{\"@type\":\"SearchAction\",\"target\":{\"@type\":\"EntryPoint\",\"urlTemplate\":\"https:\\\/\\\/bip.muzeum.ostroleka.pl\\\/?s={search_term_string}\"},\"query-input\":{\"@type\":\"PropertyValueSpecification\",\"valueRequired\":true,\"valueName\":\"search_term_string\"}}],\"inLanguage\":\"pl-PL\"},{\"@type\":\"Organization\",\"@id\":\"https:\\\/\\\/bip.muzeum.ostroleka.pl\\\/#organization\",\"name\":\"BIP Muzeum Kultury Kurpiowskiej\",\"url\":\"https:\\\/\\\/bip.muzeum.ostroleka.pl\\\/\",\"logo\":{\"@type\":\"ImageObject\",\"inLanguage\":\"pl-PL\",\"@id\":\"https:\\\/\\\/bip.muzeum.ostroleka.pl\\\/#\\\/schema\\\/logo\\\/image\\\/\",\"url\":\"https:\\\/\\\/bip.muzeum.ostroleka.pl\\\/wp-content\\\/uploads\\\/2022\\\/10\\\/mkk_z.png\",\"contentUrl\":\"https:\\\/\\\/bip.muzeum.ostroleka.pl\\\/wp-content\\\/uploads\\\/2022\\\/10\\\/mkk_z.png\",\"width\":500,\"height\":500,\"caption\":\"BIP Muzeum Kultury Kurpiowskiej\"},\"image\":{\"@id\":\"https:\\\/\\\/bip.muzeum.ostroleka.pl\\\/#\\\/schema\\\/logo\\\/image\\\/\"}}]}<\/script>\n<!-- \/ Yoast SEO plugin. -->","yoast_head_json":{"title":"Rejestry, ewidencje, archiwa - BIP MKK","robots":{"index":"index","follow":"follow","max-snippet":"max-snippet:-1","max-image-preview":"max-image-preview:large","max-video-preview":"max-video-preview:-1"},"canonical":"https:\/\/bip.muzeum.ostroleka.pl\/?page_id=71","og_locale":"pl_PL","og_type":"article","og_title":"Rejestry, ewidencje, archiwa - BIP MKK","og_description":"Rejestry, ewidencje, archiwa i zasady ich udost\u0119pniania: Ksi\u0119gi inwentarzowe muzeali\u00f3w Katalogi: karty ewidencyjne muzeali\u00f3w i karty naukowe Ksi\u0119gi inwentarzowe zbior\u00f3w bibliotecznych Ksi\u0119gi inwentarzowe przedmiot\u00f3w nietrwa\u0142ych w u\u017cytkowaniu Ksi\u0119gi inwentarzowe \u015brodk\u00f3w&hellip; Continue Reading Rejestry, ewidencje, archiwa","og_url":"https:\/\/bip.muzeum.ostroleka.pl\/?page_id=71","og_site_name":"BIP MKK","twitter_card":"summary_large_image","twitter_misc":{"Szacowany czas czytania":"1 minuta"},"schema":{"@context":"https:\/\/schema.org","@graph":[{"@type":"WebPage","@id":"https:\/\/bip.muzeum.ostroleka.pl\/?page_id=71","url":"https:\/\/bip.muzeum.ostroleka.pl\/?page_id=71","name":"Rejestry, ewidencje, archiwa - BIP MKK","isPartOf":{"@id":"https:\/\/bip.muzeum.ostroleka.pl\/#website"},"datePublished":"2022-10-03T06:29:31+00:00","breadcrumb":{"@id":"https:\/\/bip.muzeum.ostroleka.pl\/?page_id=71#breadcrumb"},"inLanguage":"pl-PL","potentialAction":[{"@type":"ReadAction","target":["https:\/\/bip.muzeum.ostroleka.pl\/?page_id=71"]}]},{"@type":"BreadcrumbList","@id":"https:\/\/bip.muzeum.ostroleka.pl\/?page_id=71#breadcrumb","itemListElement":[{"@type":"ListItem","position":1,"name":"Strona g\u0142\u00f3wna","item":"https:\/\/bip.muzeum.ostroleka.pl\/"},{"@type":"ListItem","position":2,"name":"Rejestry, ewidencje, archiwa"}]},{"@type":"WebSite","@id":"https:\/\/bip.muzeum.ostroleka.pl\/#website","url":"https:\/\/bip.muzeum.ostroleka.pl\/","name":"BIP MKK","description":"BIP Muzeum Kultury Kurpiowskiej","publisher":{"@id":"https:\/\/bip.muzeum.ostroleka.pl\/#organization"},"potentialAction":[{"@type":"SearchAction","target":{"@type":"EntryPoint","urlTemplate":"https:\/\/bip.muzeum.ostroleka.pl\/?s={search_term_string}"},"query-input":{"@type":"PropertyValueSpecification","valueRequired":true,"valueName":"search_term_string"}}],"inLanguage":"pl-PL"},{"@type":"Organization","@id":"https:\/\/bip.muzeum.ostroleka.pl\/#organization","name":"BIP Muzeum Kultury Kurpiowskiej","url":"https:\/\/bip.muzeum.ostroleka.pl\/","logo":{"@type":"ImageObject","inLanguage":"pl-PL","@id":"https:\/\/bip.muzeum.ostroleka.pl\/#\/schema\/logo\/image\/","url":"https:\/\/bip.muzeum.ostroleka.pl\/wp-content\/uploads\/2022\/10\/mkk_z.png","contentUrl":"https:\/\/bip.muzeum.ostroleka.pl\/wp-content\/uploads\/2022\/10\/mkk_z.png","width":500,"height":500,"caption":"BIP Muzeum Kultury Kurpiowskiej"},"image":{"@id":"https:\/\/bip.muzeum.ostroleka.pl\/#\/schema\/logo\/image\/"}}]}},"_links":{"self":[{"href":"https:\/\/bip.muzeum.ostroleka.pl\/index.php?rest_route=\/wp\/v2\/pages\/71","targetHints":{"allow":["GET"]}}],"collection":[{"href":"https:\/\/bip.muzeum.ostroleka.pl\/index.php?rest_route=\/wp\/v2\/pages"}],"about":[{"href":"https:\/\/bip.muzeum.ostroleka.pl\/index.php?rest_route=\/wp\/v2\/types\/page"}],"author":[{"embeddable":true,"href":"https:\/\/bip.muzeum.ostroleka.pl\/index.php?rest_route=\/wp\/v2\/users\/1"}],"replies":[{"embeddable":true,"href":"https:\/\/bip.muzeum.ostroleka.pl\/index.php?rest_route=%2Fwp%2Fv2%2Fcomments&post=71"}],"version-history":[{"count":1,"href":"https:\/\/bip.muzeum.ostroleka.pl\/index.php?rest_route=\/wp\/v2\/pages\/71\/revisions"}],"predecessor-version":[{"id":72,"href":"https:\/\/bip.muzeum.ostroleka.pl\/index.php?rest_route=\/wp\/v2\/pages\/71\/revisions\/72"}],"wp:attachment":[{"href":"https:\/\/bip.muzeum.ostroleka.pl\/index.php?rest_route=%2Fwp%2Fv2%2Fmedia&parent=71"}],"curies":[{"name":"wp","href":"https:\/\/api.w.org\/{rel}","templated":true}]}}