{"id":69,"date":"2022-10-03T08:29:01","date_gmt":"2022-10-03T06:29:01","guid":{"rendered":"http:\/\/bip.muzeum.ostroleka.pl\/?page_id=69"},"modified":"2022-10-03T08:29:01","modified_gmt":"2022-10-03T06:29:01","slug":"sposoby-zalatwiania-i-przyjmowania-spraw","status":"publish","type":"page","link":"https:\/\/bip.muzeum.ostroleka.pl\/?page_id=69","title":{"rendered":"Sposoby za\u0142atwiania i przyjmowania spraw"},"content":{"rendered":"\n<h4 class=\"wp-block-heading\" style=\"font-size:14px;font-style:normal;font-weight:400\">Z<strong>ainteresowani za\u0142atwianiem spraw w Muzeum przyjmowani s\u0105 w godzinach pracy Muzeum w godz. od 8:00 do 16:00.<\/strong><\/h4>\n\n\n\n<h4 class=\"wp-block-heading\" style=\"font-size:14px;font-style:normal;font-weight:400\">Ponadto sprawy za\u0142atwiane s\u0105 telefonicznie lub drog\u0105 korespondencji (poczt\u0105 tradycyjn\u0105 b\u0105d\u017a elektroniczn\u0105). Sprawy telefonicznie \u2013 o ile jest to mo\u017cliwe \u2013 s\u0105 za\u0142atwiane bezpo\u015brednio, a korespondencj\u0119 po uprzednim zarejestrowaniu przekazuje si\u0119 pracownikom merytorycznym do za\u0142atwienia wg kolejno\u015bci wp\u0142ywu i wa\u017cno\u015bci.<\/h4>\n\n\n\n<h4 class=\"wp-block-heading\" style=\"font-size:14px;font-style:normal;font-weight:400\">Skargi i wnioski rejestrowane s\u0105 w prowadzonej do tego celu ewidencji skarg i wniosk\u00f3w. Przyjmowane s\u0105 przez pracownik\u00f3w Muzeum Kultury Kurpiowskiej w Ostro\u0142\u0119ce za po\u015brednictwem zg\u0142osze\u0144 telefonicznych, na pi\u015bmie oraz wnoszone osobi\u015bcie w siedzibie. O sposobie za\u0142atwienia zg\u0142oszonej sprawy decyduje Dyrektor po zasi\u0119gni\u0119ciu opinii Dzia\u0142u lub Oddzia\u0142u, kt\u00f3rego dotyczy sprawa.<\/h4>\n\n\n\n<h4 class=\"wp-block-heading\" style=\"font-size:14px;font-style:normal;font-weight:400\">Prawa i obowi\u0105zki os\u00f3b odwiedzaj\u0105cych Muzeum i korzystaj\u0105cych ze zbior\u00f3w reguluj\u0105 instrukcje i zarz\u0105dzenia wydawane przez Dyrektora Muzeum.<\/h4>\n","protected":false},"excerpt":{"rendered":"<p>Zainteresowani za\u0142atwianiem spraw w Muzeum przyjmowani s\u0105 w godzinach pracy Muzeum w godz. od 8:00 do 16:00. Ponadto sprawy za\u0142atwiane s\u0105 telefonicznie lub drog\u0105 korespondencji (poczt\u0105 tradycyjn\u0105 b\u0105d\u017a elektroniczn\u0105). Sprawy&hellip; <a class=\"continue\" href=\"https:\/\/bip.muzeum.ostroleka.pl\/?page_id=69\">Continue Reading<span> Sposoby za\u0142atwiania i przyjmowania spraw<\/span><\/a><\/p>\n","protected":false},"author":1,"featured_media":0,"parent":0,"menu_order":0,"comment_status":"closed","ping_status":"closed","template":"","meta":{"footnotes":""},"class_list":["post-69","page","type-page","status-publish","hentry"],"_links":{"self":[{"href":"https:\/\/bip.muzeum.ostroleka.pl\/index.php?rest_route=\/wp\/v2\/pages\/69","targetHints":{"allow":["GET"]}}],"collection":[{"href":"https:\/\/bip.muzeum.ostroleka.pl\/index.php?rest_route=\/wp\/v2\/pages"}],"about":[{"href":"https:\/\/bip.muzeum.ostroleka.pl\/index.php?rest_route=\/wp\/v2\/types\/page"}],"author":[{"embeddable":true,"href":"https:\/\/bip.muzeum.ostroleka.pl\/index.php?rest_route=\/wp\/v2\/users\/1"}],"replies":[{"embeddable":true,"href":"https:\/\/bip.muzeum.ostroleka.pl\/index.php?rest_route=%2Fwp%2Fv2%2Fcomments&post=69"}],"version-history":[{"count":1,"href":"https:\/\/bip.muzeum.ostroleka.pl\/index.php?rest_route=\/wp\/v2\/pages\/69\/revisions"}],"predecessor-version":[{"id":70,"href":"https:\/\/bip.muzeum.ostroleka.pl\/index.php?rest_route=\/wp\/v2\/pages\/69\/revisions\/70"}],"wp:attachment":[{"href":"https:\/\/bip.muzeum.ostroleka.pl\/index.php?rest_route=%2Fwp%2Fv2%2Fmedia&parent=69"}],"curies":[{"name":"wp","href":"https:\/\/api.w.org\/{rel}","templated":true}]}}