{"id":63,"date":"2022-10-03T08:26:11","date_gmt":"2022-10-03T06:26:11","guid":{"rendered":"http:\/\/bip.muzeum.ostroleka.pl\/?page_id=63"},"modified":"2022-10-03T08:26:11","modified_gmt":"2022-10-03T06:26:11","slug":"tryb-dzialania-wladz-publicznych","status":"publish","type":"page","link":"https:\/\/bip.muzeum.ostroleka.pl\/?page_id=63","title":{"rendered":"Tryb dzia\u0142ania w\u0142adz publicznych"},"content":{"rendered":"\n<p>Muzeum Kultury Kurpiowskiej zarz\u0105dzane jest przez Dyrektora, kt\u00f3rego powo\u0142uje i odwo\u0142uje Zarz\u0105d Wojew\u00f3dztwa Mazowieckiego na zasadach i w trybie przewidzianym w obowi\u0105zuj\u0105cych przepisach.<\/p>\n\n\n\n<p>Dyrektor zarz\u0105dza Muzeum przy pomocy wicedyrektora i g\u0142\u00f3wnego ksi\u0119gowego oraz podporz\u0105dkowanych mu kierownik\u00f3w dzia\u0142\u00f3w.<\/p>\n","protected":false},"excerpt":{"rendered":"<p>Muzeum Kultury Kurpiowskiej zarz\u0105dzane jest przez Dyrektora, kt\u00f3rego powo\u0142uje i odwo\u0142uje Zarz\u0105d Wojew\u00f3dztwa Mazowieckiego na zasadach i w trybie przewidzianym w obowi\u0105zuj\u0105cych przepisach. Dyrektor zarz\u0105dza Muzeum przy pomocy wicedyrektora i&hellip; <a class=\"continue\" href=\"https:\/\/bip.muzeum.ostroleka.pl\/?page_id=63\">Continue Reading<span> Tryb dzia\u0142ania w\u0142adz publicznych<\/span><\/a><\/p>\n","protected":false},"author":1,"featured_media":0,"parent":0,"menu_order":0,"comment_status":"closed","ping_status":"closed","template":"","meta":{"footnotes":""},"class_list":["post-63","page","type-page","status-publish","hentry"],"yoast_head":"<!-- This site is optimized with the Yoast SEO plugin v27.4 - https:\/\/yoast.com\/product\/yoast-seo-wordpress\/ -->\n<title>Tryb dzia\u0142ania w\u0142adz publicznych - BIP MKK<\/title>\n<meta name=\"robots\" content=\"index, follow, max-snippet:-1, max-image-preview:large, max-video-preview:-1\" \/>\n<link rel=\"canonical\" href=\"https:\/\/bip.muzeum.ostroleka.pl\/?page_id=63\" \/>\n<meta property=\"og:locale\" content=\"pl_PL\" \/>\n<meta property=\"og:type\" content=\"article\" \/>\n<meta property=\"og:title\" content=\"Tryb dzia\u0142ania w\u0142adz publicznych - BIP MKK\" \/>\n<meta property=\"og:description\" content=\"Muzeum Kultury Kurpiowskiej zarz\u0105dzane jest przez Dyrektora, kt\u00f3rego powo\u0142uje i odwo\u0142uje Zarz\u0105d Wojew\u00f3dztwa Mazowieckiego na zasadach i w trybie przewidzianym w obowi\u0105zuj\u0105cych przepisach. Dyrektor zarz\u0105dza Muzeum przy pomocy wicedyrektora i&hellip; Continue Reading Tryb dzia\u0142ania w\u0142adz publicznych\" \/>\n<meta property=\"og:url\" content=\"https:\/\/bip.muzeum.ostroleka.pl\/?page_id=63\" \/>\n<meta property=\"og:site_name\" content=\"BIP MKK\" \/>\n<meta name=\"twitter:card\" content=\"summary_large_image\" \/>\n<script type=\"application\/ld+json\" class=\"yoast-schema-graph\">{\"@context\":\"https:\\\/\\\/schema.org\",\"@graph\":[{\"@type\":\"WebPage\",\"@id\":\"https:\\\/\\\/bip.muzeum.ostroleka.pl\\\/?page_id=63\",\"url\":\"https:\\\/\\\/bip.muzeum.ostroleka.pl\\\/?page_id=63\",\"name\":\"Tryb dzia\u0142ania w\u0142adz publicznych - BIP MKK\",\"isPartOf\":{\"@id\":\"https:\\\/\\\/bip.muzeum.ostroleka.pl\\\/#website\"},\"datePublished\":\"2022-10-03T06:26:11+00:00\",\"breadcrumb\":{\"@id\":\"https:\\\/\\\/bip.muzeum.ostroleka.pl\\\/?page_id=63#breadcrumb\"},\"inLanguage\":\"pl-PL\",\"potentialAction\":[{\"@type\":\"ReadAction\",\"target\":[\"https:\\\/\\\/bip.muzeum.ostroleka.pl\\\/?page_id=63\"]}]},{\"@type\":\"BreadcrumbList\",\"@id\":\"https:\\\/\\\/bip.muzeum.ostroleka.pl\\\/?page_id=63#breadcrumb\",\"itemListElement\":[{\"@type\":\"ListItem\",\"position\":1,\"name\":\"Strona g\u0142\u00f3wna\",\"item\":\"https:\\\/\\\/bip.muzeum.ostroleka.pl\\\/\"},{\"@type\":\"ListItem\",\"position\":2,\"name\":\"Tryb dzia\u0142ania w\u0142adz publicznych\"}]},{\"@type\":\"WebSite\",\"@id\":\"https:\\\/\\\/bip.muzeum.ostroleka.pl\\\/#website\",\"url\":\"https:\\\/\\\/bip.muzeum.ostroleka.pl\\\/\",\"name\":\"BIP MKK\",\"description\":\"BIP Muzeum Kultury Kurpiowskiej\",\"publisher\":{\"@id\":\"https:\\\/\\\/bip.muzeum.ostroleka.pl\\\/#organization\"},\"potentialAction\":[{\"@type\":\"SearchAction\",\"target\":{\"@type\":\"EntryPoint\",\"urlTemplate\":\"https:\\\/\\\/bip.muzeum.ostroleka.pl\\\/?s={search_term_string}\"},\"query-input\":{\"@type\":\"PropertyValueSpecification\",\"valueRequired\":true,\"valueName\":\"search_term_string\"}}],\"inLanguage\":\"pl-PL\"},{\"@type\":\"Organization\",\"@id\":\"https:\\\/\\\/bip.muzeum.ostroleka.pl\\\/#organization\",\"name\":\"BIP Muzeum Kultury Kurpiowskiej\",\"url\":\"https:\\\/\\\/bip.muzeum.ostroleka.pl\\\/\",\"logo\":{\"@type\":\"ImageObject\",\"inLanguage\":\"pl-PL\",\"@id\":\"https:\\\/\\\/bip.muzeum.ostroleka.pl\\\/#\\\/schema\\\/logo\\\/image\\\/\",\"url\":\"https:\\\/\\\/bip.muzeum.ostroleka.pl\\\/wp-content\\\/uploads\\\/2022\\\/10\\\/mkk_z.png\",\"contentUrl\":\"https:\\\/\\\/bip.muzeum.ostroleka.pl\\\/wp-content\\\/uploads\\\/2022\\\/10\\\/mkk_z.png\",\"width\":500,\"height\":500,\"caption\":\"BIP Muzeum Kultury Kurpiowskiej\"},\"image\":{\"@id\":\"https:\\\/\\\/bip.muzeum.ostroleka.pl\\\/#\\\/schema\\\/logo\\\/image\\\/\"}}]}<\/script>\n<!-- \/ Yoast SEO plugin. -->","yoast_head_json":{"title":"Tryb dzia\u0142ania w\u0142adz publicznych - BIP MKK","robots":{"index":"index","follow":"follow","max-snippet":"max-snippet:-1","max-image-preview":"max-image-preview:large","max-video-preview":"max-video-preview:-1"},"canonical":"https:\/\/bip.muzeum.ostroleka.pl\/?page_id=63","og_locale":"pl_PL","og_type":"article","og_title":"Tryb dzia\u0142ania w\u0142adz publicznych - BIP MKK","og_description":"Muzeum Kultury Kurpiowskiej zarz\u0105dzane jest przez Dyrektora, kt\u00f3rego powo\u0142uje i odwo\u0142uje Zarz\u0105d Wojew\u00f3dztwa Mazowieckiego na zasadach i w trybie przewidzianym w obowi\u0105zuj\u0105cych przepisach. Dyrektor zarz\u0105dza Muzeum przy pomocy wicedyrektora i&hellip; Continue Reading Tryb dzia\u0142ania w\u0142adz publicznych","og_url":"https:\/\/bip.muzeum.ostroleka.pl\/?page_id=63","og_site_name":"BIP MKK","twitter_card":"summary_large_image","schema":{"@context":"https:\/\/schema.org","@graph":[{"@type":"WebPage","@id":"https:\/\/bip.muzeum.ostroleka.pl\/?page_id=63","url":"https:\/\/bip.muzeum.ostroleka.pl\/?page_id=63","name":"Tryb dzia\u0142ania w\u0142adz publicznych - BIP MKK","isPartOf":{"@id":"https:\/\/bip.muzeum.ostroleka.pl\/#website"},"datePublished":"2022-10-03T06:26:11+00:00","breadcrumb":{"@id":"https:\/\/bip.muzeum.ostroleka.pl\/?page_id=63#breadcrumb"},"inLanguage":"pl-PL","potentialAction":[{"@type":"ReadAction","target":["https:\/\/bip.muzeum.ostroleka.pl\/?page_id=63"]}]},{"@type":"BreadcrumbList","@id":"https:\/\/bip.muzeum.ostroleka.pl\/?page_id=63#breadcrumb","itemListElement":[{"@type":"ListItem","position":1,"name":"Strona g\u0142\u00f3wna","item":"https:\/\/bip.muzeum.ostroleka.pl\/"},{"@type":"ListItem","position":2,"name":"Tryb dzia\u0142ania w\u0142adz publicznych"}]},{"@type":"WebSite","@id":"https:\/\/bip.muzeum.ostroleka.pl\/#website","url":"https:\/\/bip.muzeum.ostroleka.pl\/","name":"BIP MKK","description":"BIP Muzeum Kultury Kurpiowskiej","publisher":{"@id":"https:\/\/bip.muzeum.ostroleka.pl\/#organization"},"potentialAction":[{"@type":"SearchAction","target":{"@type":"EntryPoint","urlTemplate":"https:\/\/bip.muzeum.ostroleka.pl\/?s={search_term_string}"},"query-input":{"@type":"PropertyValueSpecification","valueRequired":true,"valueName":"search_term_string"}}],"inLanguage":"pl-PL"},{"@type":"Organization","@id":"https:\/\/bip.muzeum.ostroleka.pl\/#organization","name":"BIP Muzeum Kultury Kurpiowskiej","url":"https:\/\/bip.muzeum.ostroleka.pl\/","logo":{"@type":"ImageObject","inLanguage":"pl-PL","@id":"https:\/\/bip.muzeum.ostroleka.pl\/#\/schema\/logo\/image\/","url":"https:\/\/bip.muzeum.ostroleka.pl\/wp-content\/uploads\/2022\/10\/mkk_z.png","contentUrl":"https:\/\/bip.muzeum.ostroleka.pl\/wp-content\/uploads\/2022\/10\/mkk_z.png","width":500,"height":500,"caption":"BIP Muzeum Kultury Kurpiowskiej"},"image":{"@id":"https:\/\/bip.muzeum.ostroleka.pl\/#\/schema\/logo\/image\/"}}]}},"_links":{"self":[{"href":"https:\/\/bip.muzeum.ostroleka.pl\/index.php?rest_route=\/wp\/v2\/pages\/63","targetHints":{"allow":["GET"]}}],"collection":[{"href":"https:\/\/bip.muzeum.ostroleka.pl\/index.php?rest_route=\/wp\/v2\/pages"}],"about":[{"href":"https:\/\/bip.muzeum.ostroleka.pl\/index.php?rest_route=\/wp\/v2\/types\/page"}],"author":[{"embeddable":true,"href":"https:\/\/bip.muzeum.ostroleka.pl\/index.php?rest_route=\/wp\/v2\/users\/1"}],"replies":[{"embeddable":true,"href":"https:\/\/bip.muzeum.ostroleka.pl\/index.php?rest_route=%2Fwp%2Fv2%2Fcomments&post=63"}],"version-history":[{"count":1,"href":"https:\/\/bip.muzeum.ostroleka.pl\/index.php?rest_route=\/wp\/v2\/pages\/63\/revisions"}],"predecessor-version":[{"id":64,"href":"https:\/\/bip.muzeum.ostroleka.pl\/index.php?rest_route=\/wp\/v2\/pages\/63\/revisions\/64"}],"wp:attachment":[{"href":"https:\/\/bip.muzeum.ostroleka.pl\/index.php?rest_route=%2Fwp%2Fv2%2Fmedia&parent=63"}],"curies":[{"name":"wp","href":"https:\/\/api.w.org\/{rel}","templated":true}]}}