{"id":219,"date":"2024-11-15T09:08:22","date_gmt":"2024-11-15T08:08:22","guid":{"rendered":"https:\/\/bip.muzeum.ostroleka.pl\/?page_id=219"},"modified":"2024-11-28T11:52:11","modified_gmt":"2024-11-28T10:52:11","slug":"standardy-ochrony-maloletnich","status":"publish","type":"page","link":"https:\/\/bip.muzeum.ostroleka.pl\/?page_id=219","title":{"rendered":"Standardy Ochrony Ma\u0142oletnich"},"content":{"rendered":"\n<div class=\"wp-block-file\"><a id=\"wp-block-file--media-03876e49-8c23-44d9-83a8-92e9a9218393\" href=\"https:\/\/bip.muzeum.ostroleka.pl\/wp-content\/uploads\/2024\/11\/Zarzadzenie-nr-18-2024-w-sp.-wprowadzenia-standardow-ochrony-maloletnich.pdf\">Zarz\u0105dzenie nr 18 2024 w sp. wprowadzenia standard\u00f3w ochrony ma\u0142oletnich<\/a><a href=\"https:\/\/bip.muzeum.ostroleka.pl\/wp-content\/uploads\/2024\/11\/Zarzadzenie-nr-18-2024-w-sp.-wprowadzenia-standardow-ochrony-maloletnich.pdf\" class=\"wp-block-file__button wp-element-button\" download aria-describedby=\"wp-block-file--media-03876e49-8c23-44d9-83a8-92e9a9218393\">Pobierz<\/a><\/div>\n\n\n\n<div class=\"wp-block-file\"><a id=\"wp-block-file--media-4b959126-c464-47f2-90f9-96f9f7413099\" href=\"https:\/\/bip.muzeum.ostroleka.pl\/wp-content\/uploads\/2024\/11\/Zarzadzenie-Nr-19-2024-w-sp.-koordynatora-w-Muzeum-Kultury-Kurpiowskiej-w-Ostrolece.pdf\">Zarz\u0105dzenie Nr 19 2024 w sp. koordynatora w Muzeum Kultury Kurpiowskiej w Ostro\u0142\u0119ce<\/a><a href=\"https:\/\/bip.muzeum.ostroleka.pl\/wp-content\/uploads\/2024\/11\/Zarzadzenie-Nr-19-2024-w-sp.-koordynatora-w-Muzeum-Kultury-Kurpiowskiej-w-Ostrolece.pdf\" class=\"wp-block-file__button wp-element-button\" download aria-describedby=\"wp-block-file--media-4b959126-c464-47f2-90f9-96f9f7413099\">Pobierz<\/a><\/div>\n\n\n\n<div class=\"wp-block-file\"><a id=\"wp-block-file--media-8c0c39b8-0171-43b3-9d39-93e6c5be1d3d\" href=\"https:\/\/bip.muzeum.ostroleka.pl\/wp-content\/uploads\/2024\/11\/Standardy-Ochrony-Maloletnich-w-Muzeum-Kultury-Kurpiowskiej-w-Ostrolece.pdf\">Standardy Ochrony Ma\u0142oletnich w Muzeum Kultury Kurpiowskiej w Ostro\u0142\u0119ce<\/a><a href=\"https:\/\/bip.muzeum.ostroleka.pl\/wp-content\/uploads\/2024\/11\/Standardy-Ochrony-Maloletnich-w-Muzeum-Kultury-Kurpiowskiej-w-Ostrolece.pdf\" class=\"wp-block-file__button wp-element-button\" download aria-describedby=\"wp-block-file--media-8c0c39b8-0171-43b3-9d39-93e6c5be1d3d\">Pobierz<\/a><\/div>\n\n\n\n<div class=\"wp-block-file\"><a id=\"wp-block-file--media-6143c9cd-28a1-4bb2-9c8c-ed6103a72bd3\" href=\"https:\/\/bip.muzeum.ostroleka.pl\/wp-content\/uploads\/2024\/11\/Zalacznik-Nr-1-do-Standardow-Ochrony-Maloletnich.pdf\">Za\u0142\u0105cznik Nr 1 do Standard\u00f3w Ochrony Ma\u0142oletnich<\/a><a href=\"https:\/\/bip.muzeum.ostroleka.pl\/wp-content\/uploads\/2024\/11\/Zalacznik-Nr-1-do-Standardow-Ochrony-Maloletnich.pdf\" class=\"wp-block-file__button wp-element-button\" download aria-describedby=\"wp-block-file--media-6143c9cd-28a1-4bb2-9c8c-ed6103a72bd3\">Pobierz<\/a><\/div>\n\n\n\n<div class=\"wp-block-file\"><a id=\"wp-block-file--media-f01e52b7-a91d-4708-9434-d960e45df092\" href=\"https:\/\/bip.muzeum.ostroleka.pl\/wp-content\/uploads\/2024\/11\/Zalacznik-Nr-2-do-Standardow-Ochrony-Maloletnich.pdf\">Za\u0142\u0105cznik Nr 2 do Standard\u00f3w Ochrony Ma\u0142oletnich<\/a><a href=\"https:\/\/bip.muzeum.ostroleka.pl\/wp-content\/uploads\/2024\/11\/Zalacznik-Nr-2-do-Standardow-Ochrony-Maloletnich.pdf\" class=\"wp-block-file__button wp-element-button\" download aria-describedby=\"wp-block-file--media-f01e52b7-a91d-4708-9434-d960e45df092\">Pobierz<\/a><\/div>\n\n\n\n<div class=\"wp-block-file\"><a id=\"wp-block-file--media-007ae5fa-aa13-4f6b-a521-ede8efcccf85\" href=\"https:\/\/bip.muzeum.ostroleka.pl\/wp-content\/uploads\/2024\/11\/Zalacznik-Nr-3-do-Standardow-Ochrony-Maloletnich.pdf\">Za\u0142\u0105cznik Nr 3 do Standard\u00f3w Ochrony Ma\u0142oletnich<\/a><a href=\"https:\/\/bip.muzeum.ostroleka.pl\/wp-content\/uploads\/2024\/11\/Zalacznik-Nr-3-do-Standardow-Ochrony-Maloletnich.pdf\" class=\"wp-block-file__button wp-element-button\" download aria-describedby=\"wp-block-file--media-007ae5fa-aa13-4f6b-a521-ede8efcccf85\">Pobierz<\/a><\/div>\n\n\n\n<div class=\"wp-block-file\"><a id=\"wp-block-file--media-5d76ddb2-51dc-4862-b580-6e38b9aad2c9\" href=\"https:\/\/bip.muzeum.ostroleka.pl\/wp-content\/uploads\/2024\/11\/Zalacznik-Nr-4-do-Standardow-Ochrony-Maloletnich.pdf\">Za\u0142\u0105cznik Nr 4 do Standard\u00f3w Ochrony Ma\u0142oletnich<\/a><a href=\"https:\/\/bip.muzeum.ostroleka.pl\/wp-content\/uploads\/2024\/11\/Zalacznik-Nr-4-do-Standardow-Ochrony-Maloletnich.pdf\" class=\"wp-block-file__button wp-element-button\" download aria-describedby=\"wp-block-file--media-5d76ddb2-51dc-4862-b580-6e38b9aad2c9\">Pobierz<\/a><\/div>\n\n\n\n<div class=\"wp-block-file\"><a id=\"wp-block-file--media-34110d9a-ee65-42db-b96c-0dd0b451141b\" href=\"https:\/\/bip.muzeum.ostroleka.pl\/wp-content\/uploads\/2024\/11\/Zalacznik-Nr-5-do-Standardow-Ochrony-Maloletnich.pdf\">Za\u0142\u0105cznik Nr 5 do Standard\u00f3w Ochrony Ma\u0142oletnich<\/a><a href=\"https:\/\/bip.muzeum.ostroleka.pl\/wp-content\/uploads\/2024\/11\/Zalacznik-Nr-5-do-Standardow-Ochrony-Maloletnich.pdf\" class=\"wp-block-file__button wp-element-button\" download aria-describedby=\"wp-block-file--media-34110d9a-ee65-42db-b96c-0dd0b451141b\">Pobierz<\/a><\/div>\n","protected":false},"excerpt":{"rendered":"","protected":false},"author":1,"featured_media":0,"parent":0,"menu_order":0,"comment_status":"closed","ping_status":"closed","template":"","meta":{"footnotes":""},"class_list":["post-219","page","type-page","status-publish","hentry"],"yoast_head":"<!-- This site is optimized with the Yoast SEO plugin v27.4 - https:\/\/yoast.com\/product\/yoast-seo-wordpress\/ -->\n<title>Standardy Ochrony Ma\u0142oletnich - BIP MKK<\/title>\n<meta name=\"robots\" content=\"index, follow, max-snippet:-1, max-image-preview:large, max-video-preview:-1\" \/>\n<link rel=\"canonical\" href=\"https:\/\/bip.muzeum.ostroleka.pl\/?page_id=219\" \/>\n<meta property=\"og:locale\" content=\"pl_PL\" \/>\n<meta property=\"og:type\" content=\"article\" \/>\n<meta property=\"og:title\" content=\"Standardy Ochrony Ma\u0142oletnich - BIP MKK\" \/>\n<meta property=\"og:url\" content=\"https:\/\/bip.muzeum.ostroleka.pl\/?page_id=219\" \/>\n<meta property=\"og:site_name\" content=\"BIP MKK\" \/>\n<meta property=\"article:modified_time\" content=\"2024-11-28T10:52:11+00:00\" \/>\n<meta name=\"twitter:card\" content=\"summary_large_image\" \/>\n<script type=\"application\/ld+json\" class=\"yoast-schema-graph\">{\"@context\":\"https:\\\/\\\/schema.org\",\"@graph\":[{\"@type\":\"WebPage\",\"@id\":\"https:\\\/\\\/bip.muzeum.ostroleka.pl\\\/?page_id=219\",\"url\":\"https:\\\/\\\/bip.muzeum.ostroleka.pl\\\/?page_id=219\",\"name\":\"Standardy Ochrony Ma\u0142oletnich - BIP MKK\",\"isPartOf\":{\"@id\":\"https:\\\/\\\/bip.muzeum.ostroleka.pl\\\/#website\"},\"datePublished\":\"2024-11-15T08:08:22+00:00\",\"dateModified\":\"2024-11-28T10:52:11+00:00\",\"breadcrumb\":{\"@id\":\"https:\\\/\\\/bip.muzeum.ostroleka.pl\\\/?page_id=219#breadcrumb\"},\"inLanguage\":\"pl-PL\",\"potentialAction\":[{\"@type\":\"ReadAction\",\"target\":[\"https:\\\/\\\/bip.muzeum.ostroleka.pl\\\/?page_id=219\"]}]},{\"@type\":\"BreadcrumbList\",\"@id\":\"https:\\\/\\\/bip.muzeum.ostroleka.pl\\\/?page_id=219#breadcrumb\",\"itemListElement\":[{\"@type\":\"ListItem\",\"position\":1,\"name\":\"Strona g\u0142\u00f3wna\",\"item\":\"https:\\\/\\\/bip.muzeum.ostroleka.pl\\\/\"},{\"@type\":\"ListItem\",\"position\":2,\"name\":\"Standardy Ochrony Ma\u0142oletnich\"}]},{\"@type\":\"WebSite\",\"@id\":\"https:\\\/\\\/bip.muzeum.ostroleka.pl\\\/#website\",\"url\":\"https:\\\/\\\/bip.muzeum.ostroleka.pl\\\/\",\"name\":\"BIP MKK\",\"description\":\"BIP Muzeum Kultury Kurpiowskiej\",\"publisher\":{\"@id\":\"https:\\\/\\\/bip.muzeum.ostroleka.pl\\\/#organization\"},\"potentialAction\":[{\"@type\":\"SearchAction\",\"target\":{\"@type\":\"EntryPoint\",\"urlTemplate\":\"https:\\\/\\\/bip.muzeum.ostroleka.pl\\\/?s={search_term_string}\"},\"query-input\":{\"@type\":\"PropertyValueSpecification\",\"valueRequired\":true,\"valueName\":\"search_term_string\"}}],\"inLanguage\":\"pl-PL\"},{\"@type\":\"Organization\",\"@id\":\"https:\\\/\\\/bip.muzeum.ostroleka.pl\\\/#organization\",\"name\":\"BIP Muzeum Kultury Kurpiowskiej\",\"url\":\"https:\\\/\\\/bip.muzeum.ostroleka.pl\\\/\",\"logo\":{\"@type\":\"ImageObject\",\"inLanguage\":\"pl-PL\",\"@id\":\"https:\\\/\\\/bip.muzeum.ostroleka.pl\\\/#\\\/schema\\\/logo\\\/image\\\/\",\"url\":\"https:\\\/\\\/bip.muzeum.ostroleka.pl\\\/wp-content\\\/uploads\\\/2022\\\/10\\\/mkk_z.png\",\"contentUrl\":\"https:\\\/\\\/bip.muzeum.ostroleka.pl\\\/wp-content\\\/uploads\\\/2022\\\/10\\\/mkk_z.png\",\"width\":500,\"height\":500,\"caption\":\"BIP Muzeum Kultury Kurpiowskiej\"},\"image\":{\"@id\":\"https:\\\/\\\/bip.muzeum.ostroleka.pl\\\/#\\\/schema\\\/logo\\\/image\\\/\"}}]}<\/script>\n<!-- \/ Yoast SEO plugin. -->","yoast_head_json":{"title":"Standardy Ochrony Ma\u0142oletnich - BIP MKK","robots":{"index":"index","follow":"follow","max-snippet":"max-snippet:-1","max-image-preview":"max-image-preview:large","max-video-preview":"max-video-preview:-1"},"canonical":"https:\/\/bip.muzeum.ostroleka.pl\/?page_id=219","og_locale":"pl_PL","og_type":"article","og_title":"Standardy Ochrony Ma\u0142oletnich - BIP MKK","og_url":"https:\/\/bip.muzeum.ostroleka.pl\/?page_id=219","og_site_name":"BIP MKK","article_modified_time":"2024-11-28T10:52:11+00:00","twitter_card":"summary_large_image","schema":{"@context":"https:\/\/schema.org","@graph":[{"@type":"WebPage","@id":"https:\/\/bip.muzeum.ostroleka.pl\/?page_id=219","url":"https:\/\/bip.muzeum.ostroleka.pl\/?page_id=219","name":"Standardy Ochrony Ma\u0142oletnich - BIP MKK","isPartOf":{"@id":"https:\/\/bip.muzeum.ostroleka.pl\/#website"},"datePublished":"2024-11-15T08:08:22+00:00","dateModified":"2024-11-28T10:52:11+00:00","breadcrumb":{"@id":"https:\/\/bip.muzeum.ostroleka.pl\/?page_id=219#breadcrumb"},"inLanguage":"pl-PL","potentialAction":[{"@type":"ReadAction","target":["https:\/\/bip.muzeum.ostroleka.pl\/?page_id=219"]}]},{"@type":"BreadcrumbList","@id":"https:\/\/bip.muzeum.ostroleka.pl\/?page_id=219#breadcrumb","itemListElement":[{"@type":"ListItem","position":1,"name":"Strona g\u0142\u00f3wna","item":"https:\/\/bip.muzeum.ostroleka.pl\/"},{"@type":"ListItem","position":2,"name":"Standardy Ochrony Ma\u0142oletnich"}]},{"@type":"WebSite","@id":"https:\/\/bip.muzeum.ostroleka.pl\/#website","url":"https:\/\/bip.muzeum.ostroleka.pl\/","name":"BIP MKK","description":"BIP Muzeum Kultury Kurpiowskiej","publisher":{"@id":"https:\/\/bip.muzeum.ostroleka.pl\/#organization"},"potentialAction":[{"@type":"SearchAction","target":{"@type":"EntryPoint","urlTemplate":"https:\/\/bip.muzeum.ostroleka.pl\/?s={search_term_string}"},"query-input":{"@type":"PropertyValueSpecification","valueRequired":true,"valueName":"search_term_string"}}],"inLanguage":"pl-PL"},{"@type":"Organization","@id":"https:\/\/bip.muzeum.ostroleka.pl\/#organization","name":"BIP Muzeum Kultury Kurpiowskiej","url":"https:\/\/bip.muzeum.ostroleka.pl\/","logo":{"@type":"ImageObject","inLanguage":"pl-PL","@id":"https:\/\/bip.muzeum.ostroleka.pl\/#\/schema\/logo\/image\/","url":"https:\/\/bip.muzeum.ostroleka.pl\/wp-content\/uploads\/2022\/10\/mkk_z.png","contentUrl":"https:\/\/bip.muzeum.ostroleka.pl\/wp-content\/uploads\/2022\/10\/mkk_z.png","width":500,"height":500,"caption":"BIP Muzeum Kultury Kurpiowskiej"},"image":{"@id":"https:\/\/bip.muzeum.ostroleka.pl\/#\/schema\/logo\/image\/"}}]}},"_links":{"self":[{"href":"https:\/\/bip.muzeum.ostroleka.pl\/index.php?rest_route=\/wp\/v2\/pages\/219","targetHints":{"allow":["GET"]}}],"collection":[{"href":"https:\/\/bip.muzeum.ostroleka.pl\/index.php?rest_route=\/wp\/v2\/pages"}],"about":[{"href":"https:\/\/bip.muzeum.ostroleka.pl\/index.php?rest_route=\/wp\/v2\/types\/page"}],"author":[{"embeddable":true,"href":"https:\/\/bip.muzeum.ostroleka.pl\/index.php?rest_route=\/wp\/v2\/users\/1"}],"replies":[{"embeddable":true,"href":"https:\/\/bip.muzeum.ostroleka.pl\/index.php?rest_route=%2Fwp%2Fv2%2Fcomments&post=219"}],"version-history":[{"count":3,"href":"https:\/\/bip.muzeum.ostroleka.pl\/index.php?rest_route=\/wp\/v2\/pages\/219\/revisions"}],"predecessor-version":[{"id":246,"href":"https:\/\/bip.muzeum.ostroleka.pl\/index.php?rest_route=\/wp\/v2\/pages\/219\/revisions\/246"}],"wp:attachment":[{"href":"https:\/\/bip.muzeum.ostroleka.pl\/index.php?rest_route=%2Fwp%2Fv2%2Fmedia&parent=219"}],"curies":[{"name":"wp","href":"https:\/\/api.w.org\/{rel}","templated":true}]}}