{"id":19,"date":"2022-10-02T16:35:33","date_gmt":"2022-10-02T14:35:33","guid":{"rendered":"http:\/\/bip.muzeum.ostroleka.pl\/?page_id=19"},"modified":"2022-10-02T16:35:33","modified_gmt":"2022-10-02T14:35:33","slug":"przedmioty-i-cele-dzialalnosci","status":"publish","type":"page","link":"https:\/\/bip.muzeum.ostroleka.pl\/?page_id=19","title":{"rendered":"Przedmioty i cele dzia\u0142alno\u015bci"},"content":{"rendered":"\n<p>Podstawowym celem dzia\u0142alno\u015bci Muzeum jest gromadzenie i przechowywanie d\u00f3br kultury polskiej w zakresie prehistorii, historii, sztuki i etnografii.<\/p>\n\n\n\n<p>Muzeum informuje o tre\u015bciach gromadzonych zbior\u00f3w, upowszechnia podstawowe warto\u015bci historii, nauki i kultury polskiej, kszta\u0142tuje wra\u017cliwo\u015b\u0107 poznawcz\u0105 i estetyczn\u0105, umo\u017cliwia kontakt ze zbiorami.<\/p>\n\n\n\n<p><br>Muzeum realizuje swoje cele poprzez:<br>&nbsp;<\/p>\n\n\n\n<ol class=\"wp-block-list\"><li>gromadzenie d\u00f3br kultury i materia\u0142\u00f3w dokumentacyjnych,<\/li><li>inwentaryzowanie, katalogowanie i naukowe opracowywanie zgromadzonych muzeali\u00f3w i materia\u0142\u00f3w dokumentacyjnych,<\/li><li>przechowywanie zbior\u00f3w, w warunkach zapewniaj\u0105cych im w\u0142a\u015bciwy stan zachowania i bezpiecze\u0144stwo, oraz magazynowanie ich, w spos\u00f3b dost\u0119pny dla cel\u00f3w naukowych,<\/li><li>zabezpieczenie i konserwacj\u0119 posiadanych muzeali\u00f3w,<\/li><li>urz\u0105dzanie wystawa sta\u0142ych, czasowych i objazdowych,<\/li><li>organizowanie i prowadzenie bada\u0144 naukowych,<\/li><li>prowadzenie dzia\u0142alno\u015bci edukacyjnej oraz kulturalno-o\u015bwiatowej,<\/li><li>zapewnianie w\u0142a\u015bciwych warunk\u00f3w zwiedzania i korzystania ze zbior\u00f3w,<\/li><li>prowadzenie dzia\u0142alno\u015bci wydawniczej.<\/li><\/ol>\n","protected":false},"excerpt":{"rendered":"<p>Podstawowym celem dzia\u0142alno\u015bci Muzeum jest gromadzenie i przechowywanie d\u00f3br kultury polskiej w zakresie prehistorii, historii, sztuki i etnografii. Muzeum informuje o tre\u015bciach gromadzonych zbior\u00f3w, upowszechnia podstawowe warto\u015bci historii, nauki i&hellip; <a class=\"continue\" href=\"https:\/\/bip.muzeum.ostroleka.pl\/?page_id=19\">Continue Reading<span> Przedmioty i cele dzia\u0142alno\u015bci<\/span><\/a><\/p>\n","protected":false},"author":1,"featured_media":0,"parent":0,"menu_order":0,"comment_status":"closed","ping_status":"closed","template":"","meta":{"footnotes":""},"class_list":["post-19","page","type-page","status-publish","hentry"],"yoast_head":"<!-- This site is optimized with the Yoast SEO plugin v27.4 - https:\/\/yoast.com\/product\/yoast-seo-wordpress\/ -->\n<title>Przedmioty i cele dzia\u0142alno\u015bci - BIP MKK<\/title>\n<meta name=\"robots\" content=\"index, follow, max-snippet:-1, max-image-preview:large, max-video-preview:-1\" \/>\n<link rel=\"canonical\" href=\"https:\/\/bip.muzeum.ostroleka.pl\/?page_id=19\" \/>\n<meta property=\"og:locale\" content=\"pl_PL\" \/>\n<meta property=\"og:type\" content=\"article\" \/>\n<meta property=\"og:title\" content=\"Przedmioty i cele dzia\u0142alno\u015bci - BIP MKK\" \/>\n<meta property=\"og:description\" content=\"Podstawowym celem dzia\u0142alno\u015bci Muzeum jest gromadzenie i przechowywanie d\u00f3br kultury polskiej w zakresie prehistorii, historii, sztuki i etnografii. Muzeum informuje o tre\u015bciach gromadzonych zbior\u00f3w, upowszechnia podstawowe warto\u015bci historii, nauki i&hellip; Continue Reading Przedmioty i cele dzia\u0142alno\u015bci\" \/>\n<meta property=\"og:url\" content=\"https:\/\/bip.muzeum.ostroleka.pl\/?page_id=19\" \/>\n<meta property=\"og:site_name\" content=\"BIP MKK\" \/>\n<meta name=\"twitter:card\" content=\"summary_large_image\" \/>\n<meta name=\"twitter:label1\" content=\"Szacowany czas czytania\" \/>\n\t<meta name=\"twitter:data1\" content=\"1 minuta\" \/>\n<script type=\"application\/ld+json\" class=\"yoast-schema-graph\">{\"@context\":\"https:\\\/\\\/schema.org\",\"@graph\":[{\"@type\":\"WebPage\",\"@id\":\"https:\\\/\\\/bip.muzeum.ostroleka.pl\\\/?page_id=19\",\"url\":\"https:\\\/\\\/bip.muzeum.ostroleka.pl\\\/?page_id=19\",\"name\":\"Przedmioty i cele dzia\u0142alno\u015bci - BIP MKK\",\"isPartOf\":{\"@id\":\"https:\\\/\\\/bip.muzeum.ostroleka.pl\\\/#website\"},\"datePublished\":\"2022-10-02T14:35:33+00:00\",\"breadcrumb\":{\"@id\":\"https:\\\/\\\/bip.muzeum.ostroleka.pl\\\/?page_id=19#breadcrumb\"},\"inLanguage\":\"pl-PL\",\"potentialAction\":[{\"@type\":\"ReadAction\",\"target\":[\"https:\\\/\\\/bip.muzeum.ostroleka.pl\\\/?page_id=19\"]}]},{\"@type\":\"BreadcrumbList\",\"@id\":\"https:\\\/\\\/bip.muzeum.ostroleka.pl\\\/?page_id=19#breadcrumb\",\"itemListElement\":[{\"@type\":\"ListItem\",\"position\":1,\"name\":\"Strona g\u0142\u00f3wna\",\"item\":\"https:\\\/\\\/bip.muzeum.ostroleka.pl\\\/\"},{\"@type\":\"ListItem\",\"position\":2,\"name\":\"Przedmioty i cele dzia\u0142alno\u015bci\"}]},{\"@type\":\"WebSite\",\"@id\":\"https:\\\/\\\/bip.muzeum.ostroleka.pl\\\/#website\",\"url\":\"https:\\\/\\\/bip.muzeum.ostroleka.pl\\\/\",\"name\":\"BIP MKK\",\"description\":\"BIP Muzeum Kultury Kurpiowskiej\",\"publisher\":{\"@id\":\"https:\\\/\\\/bip.muzeum.ostroleka.pl\\\/#organization\"},\"potentialAction\":[{\"@type\":\"SearchAction\",\"target\":{\"@type\":\"EntryPoint\",\"urlTemplate\":\"https:\\\/\\\/bip.muzeum.ostroleka.pl\\\/?s={search_term_string}\"},\"query-input\":{\"@type\":\"PropertyValueSpecification\",\"valueRequired\":true,\"valueName\":\"search_term_string\"}}],\"inLanguage\":\"pl-PL\"},{\"@type\":\"Organization\",\"@id\":\"https:\\\/\\\/bip.muzeum.ostroleka.pl\\\/#organization\",\"name\":\"BIP Muzeum Kultury Kurpiowskiej\",\"url\":\"https:\\\/\\\/bip.muzeum.ostroleka.pl\\\/\",\"logo\":{\"@type\":\"ImageObject\",\"inLanguage\":\"pl-PL\",\"@id\":\"https:\\\/\\\/bip.muzeum.ostroleka.pl\\\/#\\\/schema\\\/logo\\\/image\\\/\",\"url\":\"https:\\\/\\\/bip.muzeum.ostroleka.pl\\\/wp-content\\\/uploads\\\/2022\\\/10\\\/mkk_z.png\",\"contentUrl\":\"https:\\\/\\\/bip.muzeum.ostroleka.pl\\\/wp-content\\\/uploads\\\/2022\\\/10\\\/mkk_z.png\",\"width\":500,\"height\":500,\"caption\":\"BIP Muzeum Kultury Kurpiowskiej\"},\"image\":{\"@id\":\"https:\\\/\\\/bip.muzeum.ostroleka.pl\\\/#\\\/schema\\\/logo\\\/image\\\/\"}}]}<\/script>\n<!-- \/ Yoast SEO plugin. -->","yoast_head_json":{"title":"Przedmioty i cele dzia\u0142alno\u015bci - BIP MKK","robots":{"index":"index","follow":"follow","max-snippet":"max-snippet:-1","max-image-preview":"max-image-preview:large","max-video-preview":"max-video-preview:-1"},"canonical":"https:\/\/bip.muzeum.ostroleka.pl\/?page_id=19","og_locale":"pl_PL","og_type":"article","og_title":"Przedmioty i cele dzia\u0142alno\u015bci - BIP MKK","og_description":"Podstawowym celem dzia\u0142alno\u015bci Muzeum jest gromadzenie i przechowywanie d\u00f3br kultury polskiej w zakresie prehistorii, historii, sztuki i etnografii. Muzeum informuje o tre\u015bciach gromadzonych zbior\u00f3w, upowszechnia podstawowe warto\u015bci historii, nauki i&hellip; Continue Reading Przedmioty i cele dzia\u0142alno\u015bci","og_url":"https:\/\/bip.muzeum.ostroleka.pl\/?page_id=19","og_site_name":"BIP MKK","twitter_card":"summary_large_image","twitter_misc":{"Szacowany czas czytania":"1 minuta"},"schema":{"@context":"https:\/\/schema.org","@graph":[{"@type":"WebPage","@id":"https:\/\/bip.muzeum.ostroleka.pl\/?page_id=19","url":"https:\/\/bip.muzeum.ostroleka.pl\/?page_id=19","name":"Przedmioty i cele dzia\u0142alno\u015bci - BIP MKK","isPartOf":{"@id":"https:\/\/bip.muzeum.ostroleka.pl\/#website"},"datePublished":"2022-10-02T14:35:33+00:00","breadcrumb":{"@id":"https:\/\/bip.muzeum.ostroleka.pl\/?page_id=19#breadcrumb"},"inLanguage":"pl-PL","potentialAction":[{"@type":"ReadAction","target":["https:\/\/bip.muzeum.ostroleka.pl\/?page_id=19"]}]},{"@type":"BreadcrumbList","@id":"https:\/\/bip.muzeum.ostroleka.pl\/?page_id=19#breadcrumb","itemListElement":[{"@type":"ListItem","position":1,"name":"Strona g\u0142\u00f3wna","item":"https:\/\/bip.muzeum.ostroleka.pl\/"},{"@type":"ListItem","position":2,"name":"Przedmioty i cele dzia\u0142alno\u015bci"}]},{"@type":"WebSite","@id":"https:\/\/bip.muzeum.ostroleka.pl\/#website","url":"https:\/\/bip.muzeum.ostroleka.pl\/","name":"BIP MKK","description":"BIP Muzeum Kultury Kurpiowskiej","publisher":{"@id":"https:\/\/bip.muzeum.ostroleka.pl\/#organization"},"potentialAction":[{"@type":"SearchAction","target":{"@type":"EntryPoint","urlTemplate":"https:\/\/bip.muzeum.ostroleka.pl\/?s={search_term_string}"},"query-input":{"@type":"PropertyValueSpecification","valueRequired":true,"valueName":"search_term_string"}}],"inLanguage":"pl-PL"},{"@type":"Organization","@id":"https:\/\/bip.muzeum.ostroleka.pl\/#organization","name":"BIP Muzeum Kultury Kurpiowskiej","url":"https:\/\/bip.muzeum.ostroleka.pl\/","logo":{"@type":"ImageObject","inLanguage":"pl-PL","@id":"https:\/\/bip.muzeum.ostroleka.pl\/#\/schema\/logo\/image\/","url":"https:\/\/bip.muzeum.ostroleka.pl\/wp-content\/uploads\/2022\/10\/mkk_z.png","contentUrl":"https:\/\/bip.muzeum.ostroleka.pl\/wp-content\/uploads\/2022\/10\/mkk_z.png","width":500,"height":500,"caption":"BIP Muzeum Kultury Kurpiowskiej"},"image":{"@id":"https:\/\/bip.muzeum.ostroleka.pl\/#\/schema\/logo\/image\/"}}]}},"_links":{"self":[{"href":"https:\/\/bip.muzeum.ostroleka.pl\/index.php?rest_route=\/wp\/v2\/pages\/19","targetHints":{"allow":["GET"]}}],"collection":[{"href":"https:\/\/bip.muzeum.ostroleka.pl\/index.php?rest_route=\/wp\/v2\/pages"}],"about":[{"href":"https:\/\/bip.muzeum.ostroleka.pl\/index.php?rest_route=\/wp\/v2\/types\/page"}],"author":[{"embeddable":true,"href":"https:\/\/bip.muzeum.ostroleka.pl\/index.php?rest_route=\/wp\/v2\/users\/1"}],"replies":[{"embeddable":true,"href":"https:\/\/bip.muzeum.ostroleka.pl\/index.php?rest_route=%2Fwp%2Fv2%2Fcomments&post=19"}],"version-history":[{"count":1,"href":"https:\/\/bip.muzeum.ostroleka.pl\/index.php?rest_route=\/wp\/v2\/pages\/19\/revisions"}],"predecessor-version":[{"id":20,"href":"https:\/\/bip.muzeum.ostroleka.pl\/index.php?rest_route=\/wp\/v2\/pages\/19\/revisions\/20"}],"wp:attachment":[{"href":"https:\/\/bip.muzeum.ostroleka.pl\/index.php?rest_route=%2Fwp%2Fv2%2Fmedia&parent=19"}],"curies":[{"name":"wp","href":"https:\/\/api.w.org\/{rel}","templated":true}]}}