{"id":135,"date":"2023-05-08T09:21:57","date_gmt":"2023-05-08T07:21:57","guid":{"rendered":"https:\/\/bip.muzeum.ostroleka.pl\/?page_id=135"},"modified":"2024-11-28T15:03:50","modified_gmt":"2024-11-28T14:03:50","slug":"statut-2","status":"publish","type":"page","link":"https:\/\/bip.muzeum.ostroleka.pl\/?page_id=135","title":{"rendered":"Statut"},"content":{"rendered":"\n<p class=\"has-text-align-center\">Za\u0142\u0105cznik do uchwa\u0142y Nr 13\/14<br>Sejmiku Wojew\u00f3dztwa Mazowieckiego<br>z dnia 10 lutego 2014 r.<\/p>\n\n\n\n<p class=\"has-text-align-center\"><strong>Statut<\/strong><\/p>\n\n\n\n<p class=\"has-text-align-center\"><strong>Muzeum Kultury Kurpiowskiej<\/strong><strong> w Ostro\u0142\u0119ce<\/strong><\/p>\n\n\n\n<p class=\"has-text-align-center\"><strong>ROZDZIA\u0141 I<\/strong><\/p>\n\n\n\n<p class=\"has-text-align-center\"><strong>Nazwa, siedziba, teren dzia\u0142ania<\/strong><\/p>\n\n\n\n<p class=\"has-text-align-center\">\u00a7 1.<\/p>\n\n\n\n<p>Muzeum Kultury Kurpiowskiej w Ostro\u0142\u0119ce, zwane dalej \u201eMuzeum\u201d, dzia\u0142a w szczeg\u00f3lno\u015bci na podstawie:<\/p>\n\n\n\n<ol style=\"list-style-type:1\" class=\"wp-block-list\">\n<li>ustawy z dnia 21 listopada 1996 r. o muzeach (Dz. U. z 2012 r., poz. 987);<\/li>\n\n\n\n<li>ustawy z dnia 25 pa\u017adziernika 1991 r. o organizowaniu i prowadzeniu dzia\u0142alno\u015bci&nbsp; kulturalnej (Dz. U.<br>z 2012 r., poz. 406);<\/li>\n\n\n\n<li>zarz\u0105dzenia Nr 92\/75 Wojewody Ostro\u0142\u0119ckiego z dnia 31 grudnia 1975 r. w sprawie utworzenia Muzeum Okr\u0119gowego w Ostro\u0142\u0119ce i nadania mu Statutu;<\/li>\n\n\n\n<li>niniejszego Statutu.<\/li>\n<\/ol>\n\n\n\n<p class=\"has-text-align-center\">\u00a7 2.<\/p>\n\n\n\n<p>Muzeum jest samorz\u0105dow\u0105 instytucj\u0105 kultury, wpisan\u0105 do rejestru instytucji kultury prowadzonego przez Samorz\u0105d Wojew\u00f3dztwa Mazowieckiego pod numerem 11\/99.<\/p>\n\n\n\n<p class=\"has-text-align-center\">\u00a7 3.<\/p>\n\n\n\n<p>Siedzib\u0105 Muzeum jest Ostro\u0142\u0119ka, a terenem jego dzia\u0142ania Rzeczypospolita Polska i zagranica.<\/p>\n\n\n\n<p class=\"has-text-align-center\">\u00a7 4.<\/p>\n\n\n\n<ol style=\"list-style-type:1\" class=\"wp-block-list\">\n<li>Organizatorem Muzeum jest Samorz\u0105d Wojew\u00f3dztwa Mazowieckiego.<\/li>\n\n\n\n<li>Muzeum posiada osobowo\u015b\u0107 prawn\u0105.<\/li>\n\n\n\n<li>Bezpo\u015bredni nadz\u00f3r nad Muzeum sprawuje Zarz\u0105d Wojew\u00f3dztwa Mazowieckiego.<\/li>\n\n\n\n<li>Og\u00f3lny nadz\u00f3r nad Muzeum sprawuje minister w\u0142a\u015bciwy ds. kultury i ochrony dziedzictwa narodowego.<\/li>\n<\/ol>\n\n\n\n<p><strong>ROZDZIA\u0141 Il<\/strong><\/p>\n\n\n\n<p><strong>Zakres dzia\u0142ania<\/strong><\/p>\n\n\n\n<p class=\"has-text-align-center\">\u00a7 5.<\/p>\n\n\n\n<ol style=\"list-style-type:1\" class=\"wp-block-list\">\n<li>Muzeum gromadzi, przechowuje, konserwuje, opracowuje, udost\u0119pnia dobra kultury narodowej<br>w szczeg\u00f3lno\u015bci w zakresie:<\/li>\n\n\n\n<li>archeologii \u2013 ceramiki, militari\u00f3w, bi\u017cuterii, rzemios\u0142a, my\u015blistwa, zbieractwa;<\/li>\n\n\n\n<li>etnografii \u2013 rze\u017aby, malarstwa, stroju, ceramiki, plecionkarstwa, kowalstwa, plastyki, obrz\u0119dowo\u015bci, gospodarki, rzemios\u0142a, obiekt\u00f3w architektury;<\/li>\n\n\n\n<li>historii Ostro\u0142\u0119ki i regionu kurpiowskiego \u2013 fotografii, kartografii, archiwali\u00f3w, poczt\u00f3wek, militari\u00f3w, grafiki, numizmatyki;<\/li>\n\n\n\n<li>sztuki dwudziestolecia mi\u0119dzywojennego oraz artyst\u00f3w zwi\u0105zanych z regionem, a tak\u017ce malarstwa zwi\u0105zanego z wydarzeniami historycznymi regionu;<\/li>\n\n\n\n<li>innych obiekt\u00f3w i materia\u0142\u00f3w dokumentacyjnych z zakresu dyscyplin prezentowanych w Muzeum.<\/li>\n\n\n\n<li>Muzeum informuje o tre\u015bciach gromadzonych zbior\u00f3w, upowszechnia histori\u0119 i kultur\u0119 regionu, kszta\u0142tuje wra\u017cliwo\u015b\u0107 poznawcz\u0105 i estetyczn\u0105, prowadzi dzia\u0142alno\u015b\u0107 naukow\u0105, edukacyjn\u0105, umo\u017cliwia kontakt ze zbiorami w celach naukowych.<\/li>\n<\/ol>\n\n\n\n<p class=\"has-text-align-center\">\u00a7 6.<\/p>\n\n\n\n<p>Muzeum realizuje zadania, o kt\u00f3rych mowa w \u00a7 5, w szczeg\u00f3lno\u015bci przez:<\/p>\n\n\n\n<ol style=\"list-style-type:1\" class=\"wp-block-list\">\n<li>gromadzenie muzeali\u00f3w w zakresie okre\u015blonym niniejszym Statutem;<\/li>\n\n\n\n<li>inwentaryzowanie, katalogowanie i naukowe opracowywanie zgromadzonych zbior\u00f3w,<\/li>\n\n\n\n<li>przechowywanie zbior\u00f3w w warunkach zapewniaj\u0105cych im w\u0142a\u015bciwy stan zachowania i bezpiecze\u0144stwo oraz magazynowanie ich w spos\u00f3b dost\u0119pny do cel\u00f3w naukowych;<\/li>\n\n\n\n<li>zabezpieczanie i konserwacj\u0119 posiadanych zbior\u00f3w, w tym nieruchomych obiekt\u00f3w kultury materialnej;<\/li>\n\n\n\n<li>opracowywanie i organizowanie ekspozycji sta\u0142ych oraz wystaw czasowych;<\/li>\n\n\n\n<li>organizowanie bada\u0144 i ekspedycji naukowych;<\/li>\n\n\n\n<li>prowadzenie dzia\u0142alno\u015bci edukacyjnej;<\/li>\n\n\n\n<li>inicjowanie, wspieranie i prowadzenie projekt\u00f3w zwi\u0105zanych z zakresem dzia\u0142alno\u015bci Muzeum;<\/li>\n\n\n\n<li>organizowanie lub wsp\u00f3\u0142organizowanie spotka\u0144, zjazd\u00f3w, konferencji zwi\u0105zanych z zakresem dzia\u0142alno\u015bci Muzeum;<\/li>\n\n\n\n<li>przygotowywanie, publikowanie i upowszechnianie opracowa\u0144 z zakresu dzia\u0142alno\u015bci Muzeum;<\/li>\n\n\n\n<li>zapewnienie w\u0142a\u015bciwych warunk\u00f3w zwiedzania oraz korzystania ze zbior\u00f3w i zasob\u00f3w.<\/li>\n<\/ol>\n\n\n\n<p class=\"has-text-align-center\">\u00a7 7.<\/p>\n\n\n\n<p>W sk\u0142ad Muzeum wchodzi oddzia\u0142 &#8211; Zagroda Kurpiowska w Kadzidle.<\/p>\n\n\n\n<p class=\"has-text-align-center\">\u00a7 8.<\/p>\n\n\n\n<p>W realizacji zada\u0144 statutowych Muzeum mo\u017ce wsp\u00f3\u0142pracowa\u0107 z polskimi i zagranicznymi muzeami, administracj\u0105 rz\u0105dow\u0105 i samorz\u0105dow\u0105, organizacjami pozarz\u0105dowymi, instytucjami o\u015bwiaty i kultury, mediami, a tak\u017ce innymi osobami prawnymi, jednostkami organizacyjnymi nie posiadaj\u0105cymi osobowo\u015bci prawnej oraz osobami \ufb01zycznymi.<\/p>\n\n\n\n<p><strong>ROZDZIA\u0141 III<\/strong><\/p>\n\n\n\n<p><strong>Organy zarz\u0105dzaj\u0105ce i doradcze oraz spos\u00f3b ich powo\u0142ywania<\/strong><\/p>\n\n\n\n<p class=\"has-text-align-center\">\u00a7 9.<\/p>\n\n\n\n<ol style=\"list-style-type:1\" class=\"wp-block-list\">\n<li>Organem Zarz\u0105dzaj\u0105cym Muzeum jest Dyrektor Muzeum, zwany dalej \u201eDyrektorem\u201d.<\/li>\n\n\n\n<li>Dyrektor zarz\u0105dza Muzeum i reprezentuje je na zewn\u0105trz.<\/li>\n\n\n\n<li>Dyrektor jest powo\u0142ywany i odwo\u0142ywany przez Zarz\u0105d Wojew\u00f3dztwa Mazowieckiego w trybie przewidzianym ustaw\u0105 z dnia 25 pa\u017adziernika 1991 r. o organizowaniu i prowadzeniu dzia\u0142alno\u015bci kulturalnej.<\/li>\n<\/ol>\n\n\n\n<p class=\"has-text-align-center\">\u00a7 10.<\/p>\n\n\n\n<ol style=\"list-style-type:1\" class=\"wp-block-list\">\n<li>Dyrektor organizuje prac\u0119 Muzeum i odpowiada za ca\u0142okszta\u0142t jego dzia\u0142alno\u015bci.<\/li>\n\n\n\n<li>Do zakresu zada\u0144 Dyrektora nale\u017cy w szczeg\u00f3lno\u015bci:<\/li>\n\n\n\n<li>kierowanie sprawami zwi\u0105zanymi z dzia\u0142alno\u015bci\u0105 statutow\u0105 i administracyjn\u0105&nbsp; Muzeum;<\/li>\n\n\n\n<li>podejmowanie dzia\u0142a\u0144 w sferze organizacyjnej i merytorycznej, zapewniaj\u0105cych funkcjonowanie Muzeum na najwy\u017cszym poziomie;<\/li>\n\n\n\n<li>sprawowanie nadzoru nad prawid\u0142owym zabezpieczeniem i ochron\u0105 mienia Muzeum;<\/li>\n\n\n\n<li>sprawowanie nadzoru nad przestrzeganiem dyscypliny \ufb01nansowej;<\/li>\n\n\n\n<li>wydawanie zarz\u0105dze\u0144, regulamin\u00f3w i innych akt\u00f3w wewn\u0119trznych Muzeum;<\/li>\n\n\n\n<li>wykonywanie uprawnie\u0144 zwierzchnika s\u0142u\u017cbowego w stosunku do pracownik\u00f3w Muzeum oraz wykonywanie czynno\u015bci z zakresu prawa pracy;<\/li>\n\n\n\n<li>przedstawianie Zarz\u0105dowi Wojew\u00f3dztwa Mazowieckiego oraz w\u0142a\u015bciwym instytucjom plan\u00f3w rzeczowych i \ufb01nansowych, sprawozda\u0144 oraz wniosk\u00f3w inwestycyjnych.<\/li>\n<\/ol>\n\n\n\n<p class=\"has-text-align-center\">\u00a7 11.<\/p>\n\n\n\n<p>Dyrektor zarz\u0105dza Muzeum przy pomocy Wicedyrektora powo\u0142ywanego i odwo\u0142ywanego przez niego, za zgod\u0105 Zarz\u0105du Wojew\u00f3dztwa Mazowieckiego.<\/p>\n\n\n\n<p class=\"has-text-align-center\">\u00a7 12.<\/p>\n\n\n\n<ol style=\"list-style-type:1\" class=\"wp-block-list\">\n<li>Przy Muzeum dzia\u0142a Rada Muzeum, kt\u00f3rej cz\u0142onk\u00f3w powo\u0142uje Zarz\u0105d Wojew\u00f3dztwa Mazowieckiego.<\/li>\n\n\n\n<li>Tryb powo\u0142ywania Rady Muzeum, czas trwania jej kadencji, a tak\u017ce zakres jej dzia\u0142alno\u015bci okre\u015bla ustawa<br>z dnia 21 listopada 1996 r. o muzeach.<\/li>\n\n\n\n<li>Rada Muzeum liczy 9 cz\u0142onk\u00f3w.<\/li>\n\n\n\n<li>Szczeg\u00f3\u0142owy tryb pracy Rady Muzeum okre\u015bla uchwalony przez ni\u0105 regulamin.<\/li>\n<\/ol>\n\n\n\n<p class=\"has-text-align-center\">\u00a7 13.<\/p>\n\n\n\n<ol style=\"list-style-type:1\" class=\"wp-block-list\">\n<li>Dyrektor mo\u017ce tworzy\u0107 z w\u0142asnej inicjatywy lub na wniosek co najmniej po\u0142owy zatrudnionych w Muzeum muzealnik\u00f3w &#8211; kolegia doradcze.<\/li>\n\n\n\n<li>Kolegia mog\u0105 mie\u0107 charakter sta\u0142y &#8211; w\u00f3wczas kadencja jego cz\u0142onk\u00f3w trwa dwa lata, lub mo\u017ce by\u0107&nbsp;&nbsp; utworzone do realizacji konkretnego zadania \u2013 w\u00f3wczas okres jego dzia\u0142ania wyznacza termin wykonania zadania.<\/li>\n\n\n\n<li>W sk\u0142ad kolegium mog\u0105 wchodzi\u0107 pracownicy Muzeum posiadaj\u0105cy do\u015bwiadczenie oraz&nbsp; osoby spoza Muzeum, w liczbie okre\u015blonej przez dyrektora w akcie o utworzeniu&nbsp; kolegium.<\/li>\n\n\n\n<li>Liczba cz\u0142onk\u00f3w kolegium nie mo\u017ce przekroczy\u0107 8 os\u00f3b.<\/li>\n\n\n\n<li>Kolegium wybiera spo\u015br\u00f3d swoich cz\u0142onk\u00f3w przewodnicz\u0105cego, zast\u0119pc\u0119&nbsp; przewodnicz\u0105cego, a tak\u017ce<br>w miar\u0119 potrzeby sekretarza kolegium.<\/li>\n\n\n\n<li>Posiedzenia Kolegi\u00f3w zwo\u0142ywane s\u0105 przez przewodnicz\u0105cego z w\u0142asnej inicjatywy, z inicjatywy po\u0142owy sk\u0142adu cz\u0142onk\u00f3w kolegium lub na wniosek Dyrektora Muzeum.<\/li>\n\n\n\n<li>Kolegia wyra\u017caj\u0105 opinie w kwestiach stanowi\u0105cych przedmiot ich dzia\u0142ania.<\/li>\n\n\n\n<li>Opinie s\u0105 przyjmowane zwyk\u0142\u0105 wi\u0119kszo\u015bci\u0105 g\u0142os\u00f3w przy obecno\u015bci przynajmniej po\u0142owy cz\u0142onk\u00f3w kolegium w g\u0142osowaniu jawnym.<\/li>\n\n\n\n<li>Posiedzenia kolegium odbywaj\u0105 si\u0119 w obecno\u015bci Dyrektora Muzeum lub wskazanej przez niego osoby.<\/li>\n<\/ol>\n\n\n\n<p class=\"has-text-align-center\">\u00a7 14.<\/p>\n\n\n\n<p>Dyrektor, w drodze zarz\u0105dzenia, po zasi\u0119gni\u0119ciu opinii Zarz\u0105du Wojew\u00f3dztwa Mazowieckiego oraz opinii dzia\u0142aj\u0105cych w Muzeum organizacji zwi\u0105zkowych i stowarzysze\u0144 tw\u00f3rc\u00f3w, nadaje Muzeum regulamin organizacyjny, okre\u015blaj\u0105c w nim w szczeg\u00f3lno\u015bci: struktur\u0119 organizacyjn\u0105 Muzeum, zadania poszczeg\u00f3lnych kom\u00f3rek organizacyjnych Muzeum, zadania kieruj\u0105cych&nbsp; kom\u00f3rkami organizacyjnymi Muzeum, zakres uprawnie\u0144 i odpowiedzialno\u015bci kadry kierowniczej Muzeum, zasady zast\u0119powania osoby kieruj\u0105cej Muzeum w czasie<br>jej nieobecno\u015bci, a tak\u017ce zasady obiegu dokument\u00f3w i podpisywania pism w Muzeum.<\/p>\n\n\n\n<p class=\"has-text-align-center\">\u00a7 15.<\/p>\n\n\n\n<ol style=\"list-style-type:1\" class=\"wp-block-list\">\n<li>Zarz\u0105d Wojew\u00f3dztwa Mazowieckiego mo\u017ce powierzy\u0107 zarz\u0105dzanie Muzeum Zarz\u0105dcy, w trybie przewidzianym ustaw\u0105 z dnia 25 pa\u017adziernika 1991 r. o organizowaniu i prowadzeniu dzia\u0142alno\u015bci kulturalnej. Do wyboru Zarz\u0105dcy stosuje si\u0119 przepisy ustawy z dnia 29 stycznia 2004 r. \u2013 Prawo zam\u00f3wie\u0144 publicznych (Dz. U. z 2013 r. poz. 907, 984 i 1047).<\/li>\n\n\n\n<li>W przypadku powierzenia zarz\u0105dzania Muzeum Zarz\u0105dcy, wykonuje on odpowiednio uprawnienia<br>i czynno\u015bci&nbsp; przewidziane dla Dyrektora, o kt\u00f3rych mowa w \u00a7 9 ust. 2, \u00a7 10, \u00a7 13 ust. 1, 6 i 9, \u00a7 14, \u00a7 16 ust. 2 i 5 i \u00a7 18 ust. 1 Statutu.<\/li>\n<\/ol>\n\n\n\n<p><strong>ROZDZIA\u0141 IV<\/strong><\/p>\n\n\n\n<p><strong>\u0179r\u00f3d\u0142a finansowania<\/strong><\/p>\n\n\n\n<p class=\"has-text-align-center\">\u00a7 16.<\/p>\n\n\n\n<ol style=\"list-style-type:1\" class=\"wp-block-list\">\n<li>Muzeum prowadzi gospodark\u0119 \ufb01nansow\u0105 na zasadach okre\u015blonych w ustawie z dnia 25 pa\u017adziernika<br>1991 r. o organizowaniu i prowadzeniu dzia\u0142alno\u015bci kulturalnej.<\/li>\n\n\n\n<li>Podstaw\u0105 gospodarki \ufb01nansowej Muzeum jest plan \ufb01nansowy ustalony przez Dyrektora z zachowaniem wysoko\u015bci dotacji przyznanej przez Samorz\u0105d Wojew\u00f3dztwa Mazowieckiego. Plan \ufb01nansowy sporz\u0105dzany jest zgodnie z przepisami ustawy z dnia 27 sierpnia 2009 r. o finansach publicznych (Dz. U. z 2013 r.<br>poz. 885 i 938)<\/li>\n\n\n\n<li>Dzia\u0142alno\u015b\u0107 Muzeum \ufb01nansowana jest w szczeg\u00f3lno\u015bci z :<\/li>\n\n\n\n<li>dotacji podmiotowych i celowych z bud\u017cetu Samorz\u0105du Wojew\u00f3dztwa Mazowieckiego lub bud\u017cetu pa\u0144stwa;<\/li>\n\n\n\n<li>wp\u0142yw\u00f3w z realizacji zada\u0144, o kt\u00f3rych mowa w \u00a7 5 Statutu;<\/li>\n\n\n\n<li>wp\u0142yw\u00f3w ze sprzeda\u017cy sk\u0142adnik\u00f3w maj\u0105tku ruchomego;<\/li>\n\n\n\n<li>wp\u0142yw\u00f3w z najmu i dzier\u017cawy sk\u0142adnik\u00f3w maj\u0105tkowych;<\/li>\n\n\n\n<li>\u015brodk\u00f3w otrzymanych od os\u00f3b \ufb01zycznych i prawnych oraz z innych zewn\u0119trznych&nbsp;&nbsp; \u017ar\u00f3de\u0142;<\/li>\n\n\n\n<li>wp\u0142yw\u00f3w z prowadzonej przez Muzeum dzia\u0142alno\u015bci dodatkowej, o kt\u00f3rej mowa w \u00a7 20 Statutu.<\/li>\n\n\n\n<li>Samorz\u0105d Wojew\u00f3dztwa Mazowieckiego przekazuje Muzeum \u015brodki finansowe w&nbsp; formie dotacji:<\/li>\n\n\n\n<li>podmiotowej na do\ufb01nansowanie dzia\u0142alno\u015bci bie\u017c\u0105cej w zakresie realizowanych zada\u0144 statutowych,<br>w tym na utrzymanie i remonty obiekt\u00f3w;<\/li>\n\n\n\n<li>celowej na \ufb01nansowanie lub do\ufb01nansowanie koszt\u00f3w realizacji inwestycji;<\/li>\n\n\n\n<li>celowej na realizacj\u0119 wskazanych zada\u0144 i program\u00f3w.<\/li>\n<\/ol>\n\n\n\n<ul class=\"wp-block-list\">\n<li>Dyrektor jest zobowi\u0105zany do poszukiwania zewn\u0119trznych \u017ar\u00f3de\u0142 finansowania,<br>o kt\u00f3rych mowa w ust. 3 pkt 5.<\/li>\n<\/ul>\n\n\n\n<p class=\"has-text-align-center\">\u00a7 17.<\/p>\n\n\n\n<p>Zaci\u0105gni\u0119cie przez Muzeum kredytu lub po\u017cyczki wymaga uzyskania zgody Zarz\u0105du Wojew\u00f3dztwa Mazowieckiego.<\/p>\n\n\n\n<p class=\"has-text-align-center\">\u00a7 18.<\/p>\n\n\n\n<ol style=\"list-style-type:1\" class=\"wp-block-list\">\n<li>O\u015bwiadczenia woli w imieniu Muzeum sk\u0142ada Dyrektor lub osoby przez niego upowa\u017cnione.<\/li>\n\n\n\n<li>G\u0142\u00f3wny Ksi\u0119gowy lub osoba przez niego upowa\u017cniona, sk\u0142ada podpis na dokumencie dotycz\u0105cym czynno\u015bci prawnej, z kt\u00f3rej wynika zobowi\u0105zanie \ufb01nansowe.<\/li>\n<\/ol>\n\n\n\n<p class=\"has-text-align-center\">\u00a7 19.<\/p>\n\n\n\n<p>Organem zatwierdzaj\u0105cym sprawozdania \ufb01nansowe, w rozumieniu art. 3 ust. 1 pkt 7 ustawy z dnia 29 wrze\u015bnia 1994 r. o rachunkowo\u015bci (Dz. U. z 2013 r. poz. 330 i 613) jest Zarz\u0105d Wojew\u00f3dztwa Mazowieckiego.<\/p>\n\n\n\n<p class=\"has-text-align-center\">\u00a7 20.<\/p>\n\n\n\n<ol style=\"list-style-type:1\" class=\"wp-block-list\">\n<li>Muzeum mo\u017ce prowadzi\u0107, jako dodatkow\u0105, dzia\u0142alno\u015b\u0107 inn\u0105 ni\u017c dzia\u0142alno\u015b\u0107 kulturalna, w zakresie zbie\u017cnym z jego zadaniami statutowymi, polegaj\u0105c\u0105 na:<\/li>\n\n\n\n<li>sprzeda\u017cy pami\u0105tek, publikacji oraz innych wydawnictw;<\/li>\n\n\n\n<li>organizowaniu imprez kulturalnych;<\/li>\n\n\n\n<li>dzia\u0142alno\u015bci instrukta\u017cowo-metodycznej;<\/li>\n\n\n\n<li>prowadzeniu na terenie Muzeum ma\u0142ej gastronomi;<\/li>\n\n\n\n<li>wynajmie pomieszcze\u0144.<\/li>\n\n\n\n<li>\u015arodki finansowe uzyskane z dzia\u0142alno\u015bci, o kt\u00f3rej mowa w ust. 1, wykorzystywane s\u0105 wy\u0142\u0105cznie na realizacj\u0119 zada\u0144 statutowych Muzeum.<\/li>\n<\/ol>\n\n\n\n<p><strong>ROZDZIA\u0141 V<\/strong><\/p>\n\n\n\n<p><strong>Przepisy ko\u0144cowe<\/strong><\/p>\n\n\n\n<p class=\"has-text-align-center\">\u00a7 21.<\/p>\n\n\n\n<p>Po\u0142\u0105czenia, podzia\u0142u lub likwidacji Muzeum mo\u017ce dokona\u0107 Sejmik Wojew\u00f3dztwa Mazowieckiego na warunkach<br>i w trybie przewidzianym w obowi\u0105zuj\u0105cych przepisach.<\/p>\n\n\n\n<p class=\"has-text-align-center\">\u00a7 22.<\/p>\n\n\n\n<p>Zmiany w Statucie mog\u0105 by\u0107 dokonywane w trybie w\u0142a\u015bciwym dla jego nadania.<\/p>\n","protected":false},"excerpt":{"rendered":"<p>Za\u0142\u0105cznik do uchwa\u0142y Nr 13\/14Sejmiku Wojew\u00f3dztwa Mazowieckiegoz dnia 10 lutego 2014 r. Statut Muzeum Kultury Kurpiowskiej w Ostro\u0142\u0119ce ROZDZIA\u0141 I Nazwa, siedziba, teren dzia\u0142ania \u00a7 1. Muzeum Kultury Kurpiowskiej w&hellip; <a class=\"continue\" href=\"https:\/\/bip.muzeum.ostroleka.pl\/?page_id=135\">Continue Reading<span> Statut<\/span><\/a><\/p>\n","protected":false},"author":1,"featured_media":0,"parent":0,"menu_order":0,"comment_status":"closed","ping_status":"closed","template":"","meta":{"footnotes":""},"class_list":["post-135","page","type-page","status-publish","hentry"],"_links":{"self":[{"href":"https:\/\/bip.muzeum.ostroleka.pl\/index.php?rest_route=\/wp\/v2\/pages\/135","targetHints":{"allow":["GET"]}}],"collection":[{"href":"https:\/\/bip.muzeum.ostroleka.pl\/index.php?rest_route=\/wp\/v2\/pages"}],"about":[{"href":"https:\/\/bip.muzeum.ostroleka.pl\/index.php?rest_route=\/wp\/v2\/types\/page"}],"author":[{"embeddable":true,"href":"https:\/\/bip.muzeum.ostroleka.pl\/index.php?rest_route=\/wp\/v2\/users\/1"}],"replies":[{"embeddable":true,"href":"https:\/\/bip.muzeum.ostroleka.pl\/index.php?rest_route=%2Fwp%2Fv2%2Fcomments&post=135"}],"version-history":[{"count":4,"href":"https:\/\/bip.muzeum.ostroleka.pl\/index.php?rest_route=\/wp\/v2\/pages\/135\/revisions"}],"predecessor-version":[{"id":261,"href":"https:\/\/bip.muzeum.ostroleka.pl\/index.php?rest_route=\/wp\/v2\/pages\/135\/revisions\/261"}],"wp:attachment":[{"href":"https:\/\/bip.muzeum.ostroleka.pl\/index.php?rest_route=%2Fwp%2Fv2%2Fmedia&parent=135"}],"curies":[{"name":"wp","href":"https:\/\/api.w.org\/{rel}","templated":true}]}}